{"id":1218,"date":"2024-02-29T22:35:40","date_gmt":"2024-02-29T22:35:40","guid":{"rendered":"https:\/\/serresiliente.org\/?page_id=1218"},"modified":"2024-03-01T02:01:20","modified_gmt":"2024-03-01T02:01:20","slug":"protocoloaa","status":"publish","type":"page","link":"https:\/\/serresiliente.org\/?page_id=1218","title":{"rendered":"Protocolos"},"content":{"rendered":"\n<p><strong>PROTOCOLO PARA LA IMPLEMENTACI\u00d3N DE ACCIONES ANTICIPATORIAS PARA MITIGAR IMPACTOS DE LAS INUNDACIONES Y LA SEQU\u00cdA<\/strong><\/p>\n\n\n\n<ul>\n<li>Seguimiento al ENSO (Ni\u00f1o o Ni\u00f1a) (FAAI-01) y<br>(FAAS-03)<\/li>\n\n\n\n<li>Indicadores de conocimientos tradicionales (FAAI-04) y (FAAS-04)<\/li>\n\n\n\n<li>Plataforma planificaci\u00f3n estrat\u00e9gica de la producci\u00f3n agr\u00edcola (FAAI-05) y (FAAS-05)<\/li>\n\n\n\n<li>Determinaci\u00f3n de \u00e1reas en riesgo (FAAI-06) y (FAAS-07)<\/li>\n\n\n\n<li>An\u00e1lisis del Indicador de vulnerabilidad (FAAI-07) y (FAAS-08)<\/li>\n\n\n\n<li>Determinaci\u00f3n de cultivos y producci\u00f3n en riesgo (FAAI-08) y (FAAS-09)<\/li>\n\n\n\n<li>Determinaci\u00f3n de familias en riesgo (FAAI-09) y (FAAS-10)<\/li>\n\n\n\n<li>Estimaci\u00f3n cronol\u00f3gica de crisis (FAAI-10) y (FAAS-11)<\/li>\n\n\n\n<li>Priorizaci\u00f3n de zonas de intervenci\u00f3n (FAAI-11) y (FAAS-12)<\/li>\n\n\n\n<li>Identificaci\u00f3n y an\u00e1lisis de Acciones Anticipatorias a implementar (FAAI-12) y (FAAS-13)<\/li>\n\n\n\n<li>Elaboraci\u00f3n del informe t\u00e9cnico dirigido a la MAE (FAAI-13) y (FAAS-14)<\/li>\n\n\n\n<li>Aprobaci\u00f3n de la implementaci\u00f3n de Acciones Anticipatorias para inundaciones de progresi\u00f3n lenta o progresi\u00f3n r\u00e1pida por la MAE (FAAI-14) y (FAAS-15)<\/li>\n\n\n\n<li>Coordinaci\u00f3n para la implementaci\u00f3n (FAAI-15) y (FAAS-16)<\/li>\n<\/ul>\n\n\n\n<p><strong>PROTOCOLO PARA LA IMPLEMENTACI\u00d3N DE ACCIONES ANTICIPATORIAS ANTE LA INUNDACI\u00d3N (PAAI)<\/strong><\/p>\n\n\n\n<ul>\n<li>Indicador de pron\u00f3stico hidrometereol\u00f3gico (Bolet\u00edn de crecidas por cuenca e informaci\u00f3n de crecidas a 3 d\u00edas) (FAAI-02)<\/li>\n\n\n\n<li>Indicador de observaci\u00f3n estacional (An\u00e1lisis de la predicci\u00f3n de probabilidad de PP para 3 meses) (FAAI-03)<\/li>\n<\/ul>\n\n\n\n<p><strong>PROTOCOLO PARA LA IMPLEMENTACI\u00d3N DE ACCIONES ANTICIPATORIAS ANTE SEQU\u00cdA (PAAS)<\/strong><\/p>\n\n\n\n<ul>\n<li>Indicador de observaci\u00f3n estacional y (FAAS-01)<\/li>\n\n\n\n<li>Indicador de pron\u00f3stico hidrometereol\u00f3gico (FAAS-02)<\/li>\n\n\n\n<li>An\u00e1lisis de la predicci\u00f3n de probabilidad de PP para 3&nbsp;meses&nbsp;(FAAS-06)<\/li>\n<\/ul>\n","protected":false},"excerpt":{"rendered":"<p>PROTOCOLO PARA LA IMPLEMENTACI\u00d3N DE ACCIONES ANTICIPATORIAS PARA MITIGAR IMPACTOS DE LAS INUNDACIONES Y LA SEQU\u00cdA PROTOCOLO PARA LA IMPLEMENTACI\u00d3N DE ACCIONES ANTICIPATORIAS ANTE LA INUNDACI\u00d3N (PAAI) PROTOCOLO PARA LA[&#8230;]<\/p>\n","protected":false},"author":1,"featured_media":0,"parent":0,"menu_order":0,"comment_status":"closed","ping_status":"closed","template":"","meta":{"footnotes":""},"_links":{"self":[{"href":"https:\/\/serresiliente.org\/index.php?rest_route=\/wp\/v2\/pages\/1218"}],"collection":[{"href":"https:\/\/serresiliente.org\/index.php?rest_route=\/wp\/v2\/pages"}],"about":[{"href":"https:\/\/serresiliente.org\/index.php?rest_route=\/wp\/v2\/types\/page"}],"author":[{"embeddable":true,"href":"https:\/\/serresiliente.org\/index.php?rest_route=\/wp\/v2\/users\/1"}],"replies":[{"embeddable":true,"href":"https:\/\/serresiliente.org\/index.php?rest_route=%2Fwp%2Fv2%2Fcomments&post=1218"}],"version-history":[{"count":4,"href":"https:\/\/serresiliente.org\/index.php?rest_route=\/wp\/v2\/pages\/1218\/revisions"}],"predecessor-version":[{"id":1227,"href":"https:\/\/serresiliente.org\/index.php?rest_route=\/wp\/v2\/pages\/1218\/revisions\/1227"}],"wp:attachment":[{"href":"https:\/\/serresiliente.org\/index.php?rest_route=%2Fwp%2Fv2%2Fmedia&parent=1218"}],"curies":[{"name":"wp","href":"https:\/\/api.w.org\/{rel}","templated":true}]}}