{"id":13,"date":"2018-06-04T20:45:18","date_gmt":"2018-06-04T20:45:18","guid":{"rendered":"https:\/\/serresiliente.org\/?page_id=13"},"modified":"2018-06-27T16:13:36","modified_gmt":"2018-06-27T16:13:36","slug":"sala-de-prensa","status":"publish","type":"page","link":"https:\/\/serresiliente.org\/?page_id=13","title":{"rendered":"Sala de prensa"},"content":{"rendered":"<p>Nuestra sala de prensa les brindar\u00e1 un espacio de consulta sobre las actividades del consorcio y la implementaci\u00f3n del proyecto, as\u00ed como los materiales de difusi\u00f3n p\u00fablica para su consulta y uso, este espacio est\u00e1 dividido en tres \u00e1reas:<\/p>\n<h5>HISTORIAS DE VIDA<\/h5>\n<p><img decoding=\"async\" loading=\"lazy\" class=\"alignnone wp-image-388 size-large\" src=\"https:\/\/serresiliente.org\/wp-content\/uploads\/2018\/06\/sala-1024x188.jpg\" alt=\"\" width=\"790\" height=\"145\" srcset=\"https:\/\/serresiliente.org\/wp-content\/uploads\/2018\/06\/sala-1024x188.jpg 1024w, https:\/\/serresiliente.org\/wp-content\/uploads\/2018\/06\/sala-300x55.jpg 300w, https:\/\/serresiliente.org\/wp-content\/uploads\/2018\/06\/sala-768x141.jpg 768w, https:\/\/serresiliente.org\/wp-content\/uploads\/2018\/06\/sala.jpg 1708w\" sizes=\"(max-width: 790px) 100vw, 790px\" \/><\/p>\n<h5>AUDIOVISUALES<\/h5>\n<p><img decoding=\"async\" loading=\"lazy\" class=\"alignnone wp-image-389 size-large\" src=\"https:\/\/serresiliente.org\/wp-content\/uploads\/2018\/06\/sala2-1024x188.jpg\" alt=\"\" width=\"790\" height=\"145\" srcset=\"https:\/\/serresiliente.org\/wp-content\/uploads\/2018\/06\/sala2-1024x188.jpg 1024w, https:\/\/serresiliente.org\/wp-content\/uploads\/2018\/06\/sala2-300x55.jpg 300w, https:\/\/serresiliente.org\/wp-content\/uploads\/2018\/06\/sala2-768x141.jpg 768w, https:\/\/serresiliente.org\/wp-content\/uploads\/2018\/06\/sala2.jpg 1708w\" sizes=\"(max-width: 790px) 100vw, 790px\" \/><\/p>\n<h5>PUBLICACIONES<\/h5>\n<p><img decoding=\"async\" loading=\"lazy\" class=\"alignnone wp-image-390 size-large\" src=\"https:\/\/serresiliente.org\/wp-content\/uploads\/2018\/06\/sala3-1024x188.jpg\" alt=\"\" width=\"790\" height=\"145\" srcset=\"https:\/\/serresiliente.org\/wp-content\/uploads\/2018\/06\/sala3-1024x188.jpg 1024w, https:\/\/serresiliente.org\/wp-content\/uploads\/2018\/06\/sala3-300x55.jpg 300w, https:\/\/serresiliente.org\/wp-content\/uploads\/2018\/06\/sala3-768x141.jpg 768w, https:\/\/serresiliente.org\/wp-content\/uploads\/2018\/06\/sala3.jpg 1708w\" sizes=\"(max-width: 790px) 100vw, 790px\" \/><\/p>\n<p>&nbsp;<\/p>\n","protected":false},"excerpt":{"rendered":"<p>Nuestra sala de prensa les brindar\u00e1 un espacio de consulta sobre las actividades del consorcio y la implementaci\u00f3n del proyecto, as\u00ed como los materiales de difusi\u00f3n p\u00fablica para su consulta[&#8230;]<\/p>\n","protected":false},"author":1,"featured_media":0,"parent":0,"menu_order":4,"comment_status":"closed","ping_status":"closed","template":"","meta":{"footnotes":""},"_links":{"self":[{"href":"https:\/\/serresiliente.org\/index.php?rest_route=\/wp\/v2\/pages\/13"}],"collection":[{"href":"https:\/\/serresiliente.org\/index.php?rest_route=\/wp\/v2\/pages"}],"about":[{"href":"https:\/\/serresiliente.org\/index.php?rest_route=\/wp\/v2\/types\/page"}],"author":[{"embeddable":true,"href":"https:\/\/serresiliente.org\/index.php?rest_route=\/wp\/v2\/users\/1"}],"replies":[{"embeddable":true,"href":"https:\/\/serresiliente.org\/index.php?rest_route=%2Fwp%2Fv2%2Fcomments&post=13"}],"version-history":[{"count":5,"href":"https:\/\/serresiliente.org\/index.php?rest_route=\/wp\/v2\/pages\/13\/revisions"}],"predecessor-version":[{"id":395,"href":"https:\/\/serresiliente.org\/index.php?rest_route=\/wp\/v2\/pages\/13\/revisions\/395"}],"wp:attachment":[{"href":"https:\/\/serresiliente.org\/index.php?rest_route=%2Fwp%2Fv2%2Fmedia&parent=13"}],"curies":[{"name":"wp","href":"https:\/\/api.w.org\/{rel}","templated":true}]}}