{"id":149,"date":"2018-06-06T18:43:21","date_gmt":"2018-06-06T18:43:21","guid":{"rendered":"https:\/\/serresiliente.org\/?page_id=149"},"modified":"2018-06-06T21:06:15","modified_gmt":"2018-06-06T21:06:15","slug":"contexto","status":"publish","type":"page","link":"https:\/\/serresiliente.org\/?page_id=149","title":{"rendered":"Contexto"},"content":{"rendered":"<h5 id=\"tw-target-text\" class=\"tw-data-text tw-ta tw-text-small\" dir=\"ltr\" data-placeholder=\"Traducci\u00f3n\"><span lang=\"es\"><strong>Bolivia<\/strong><\/span><\/h5>\n<figure id=\"attachment_170\" aria-describedby=\"caption-attachment-170\" style=\"width: 623px\" class=\"wp-caption alignnone\"><img decoding=\"async\" loading=\"lazy\" class=\"wp-image-170 size-full\" src=\"https:\/\/serresiliente.org\/wp-content\/uploads\/2018\/06\/inundacion.jpg\" alt=\"\" width=\"623\" height=\"350\" srcset=\"https:\/\/serresiliente.org\/wp-content\/uploads\/2018\/06\/inundacion.jpg 623w, https:\/\/serresiliente.org\/wp-content\/uploads\/2018\/06\/inundacion-300x169.jpg 300w\" sizes=\"(max-width: 623px) 100vw, 623px\" \/><figcaption id=\"caption-attachment-170\" class=\"wp-caption-text\">Fotograf\u00eda: El Deber<\/figcaption><\/figure>\n<p class=\"tw-data-text tw-ta tw-text-small\" dir=\"ltr\" data-placeholder=\"Traducci\u00f3n\"><span lang=\"es\">En Bolivia se produjeron 9,978 eventos adversos durante el per\u00edodo 2005-2015, el mayor n\u00famero de eventos a nivel nacional se registraron durante los a\u00f1os 2008, 2007 y 2006 respectivamente.<\/span><\/p>\n<p>Los fen\u00f3menos reportados se distribuyeron a lo largo de las nueve provincias de Bolivia, la provincia de La Paz con el mayor n\u00famero de ocurrencias registradas (3,763), seguido por las provincias de Beni y Potos\u00ed con 1,324 y 1,123 respectivamente.<\/p>\n<p class=\"tw-data-text tw-ta tw-text-small\" dir=\"ltr\" data-placeholder=\"Traducci\u00f3n\"><span lang=\"es\">Durante el per\u00edodo 2005-2015 Beni registr\u00f3 1.270 fen\u00f3menos de inundaci\u00f3n, sequ\u00eda y fuego, siendo las inundaciones\u00a0 el evento de mayor ocurrencia con un 86.4%, seguida de las sequ\u00edas con 9.9% e incendios con 3.6%. Durante este per\u00edodo, estos fen\u00f3menos han afectado a 125,620 familias de las cuales al menos el 54% eran mujeres y el 36% mujeres ind\u00edgenas.<\/span><\/p>\n<p>El mayor impacto de estas inundaciones en la producci\u00f3n de la agricultura y la ganader\u00eda se registr\u00f3 durante los a\u00f1os 2006-2007, 2007-2008 y 2013 &#8211; 2014, lo que implica una p\u00e9rdida sustancial afectando al normal desenvolvimiento de las regiones afectadas.<\/p>\n<p class=\"tw-data-text tw-ta tw-text-small\" dir=\"ltr\" data-placeholder=\"Traducci\u00f3n\"><span lang=\"es\">Las cuencas de los r\u00edos Beni y Mamor\u00e9 no tienen una relaci\u00f3n precisamente directa entre s\u00ed; sin embargo, en la actualidad y gracias a la primera fase de este proyecto ya cuentan con un Sistema de Monitoreo que integra a los municipios ubicados en la cuenca alta, media y baja, formando parte en la actualidad del Sistema Nacional de Alerta Temprana de Desastres (SNATD).<\/span><\/p>\n<p>Como el sistema es nuevo, se requiere fortalecer el desarrollo de capacidades t\u00e9cnicas, que permitan la consolidaci\u00f3n de protocolos de comunicaci\u00f3n y la territorializaci\u00f3n de alertas, tambi\u00e9n la comunicaci\u00f3n eficiente de alertas a las comunidades e implementaci\u00f3n de acciones preparatorias, de respuesta y emergencia por inundaciones asistencia.<\/p>\n<p>La implementaci\u00f3n del sistema de alerta en una situaci\u00f3n real o la realizaci\u00f3n de un simulacro permitir\u00e1 realizar ajustes que permitan un funcionamiento adecuado del sistema. La consolidaci\u00f3n del SAT permitir\u00e1 lograr seguridad para las familias, las comunidades, los municipios y, en consecuencia, el bienestar de toda la provincia, se reducir\u00e1 la condici\u00f3n de vulnerabilidad y alto riesgo para docenas de asentamientos, con estrategias de resiliencia que protejan la seguridad alimentaria y su sustento Es necesario que la consolidaci\u00f3n de las actividades integrales llevadas a cabo con la intervenci\u00f3n de los Consorcios \u00abVictoria Regia\u00bb y \u00abTarope\u00bb, en agua y saneamiento, salud, nutrici\u00f3n, educaci\u00f3n, medios de vida y el desarrollo de capacidades institucionales en el contexto de Riesgo La gerencia se convierte en acciones estrat\u00e9gicas y pasa a formar parte de los PTDI municipales y responde a las necesidades visualizadas en el estudio Livelihood, que permitir\u00e1 alcanzar la resiliencia en las familias, las comunidades y los municipios.<\/p>\n<h5 dir=\"ltr\" data-placeholder=\"Traducci\u00f3n\">COLOMBIA<\/h5>\n<p id=\"tw-target-text\" class=\"tw-data-text tw-ta tw-text-small\" dir=\"ltr\" data-placeholder=\"Traducci\u00f3n\"><span lang=\"es\">El problema se centra en dos temas: el primero se refiere a las m\u00faltiples amenazas en el sur del pa\u00eds, espec\u00edficamente en la provincia de Putumayo, donde las emergencias debido a las\u00a0 inundaciones, deslizamientos de tierra y crisis social interna a causa del conflicto armado; la segunda se refiere al escenario de riesgo, debido a la prolongada sequ\u00eda y el peligro hidrometeorol\u00f3gico,conocido como hurac\u00e1n Mathew. <\/span><\/p>\n<p class=\"tw-data-text tw-ta tw-text-small\" dir=\"ltr\" data-placeholder=\"Traducci\u00f3n\"><span lang=\"es\">Con relaci\u00f3n con a la provincia de Putumayo, cuatro municipios del Valle de Sibundoy se declararon en estado de emergencia: Santiago, Col\u00f3n, Sibundoy y San Francisco. Adem\u00e1s del impacto del arroyo Ed\u00e9n (en el Alto Putumayo) causado por un deslizamiento de tierra que bloque\u00f3 el flujo del r\u00edo Putumayo, grandes inundaciones en la zona: (Orito, San Miguel).\u00a0<\/span>El repentino aumento del r\u00edo Caquet\u00e1 afect\u00f3 de manera tangible la producci\u00f3n agr\u00edcola de los municipios de Puerto Guzm\u00e1n y Mocoa, que fue reportado por la UNGRD en julio del 2016.<\/p>\n<p class=\"tw-data-text tw-ta tw-text-small\" dir=\"ltr\" data-placeholder=\"Traducci\u00f3n\">De acuerdo al Informe Regional (09\/2016) se\u00f1al\u00f3 que el primer trimestre del 2016, que por consecuencia de la sequ\u00eda provocada por el fen\u00f3meno de El Ni\u00f1o, se declar\u00f3 un estado de emergencia p\u00fablica en los municipios de Puerto Guzm\u00e1n, Puerto Caicedo y Puerto As\u00eds, y Manifest Urgency en el municipio de Orito. Otro tipo de impacto est\u00e1 asociado a las movilizaciones civiles internas, como el 8 de mayo de 2016, que tuvo lugar por incumplimiento de los compromisos a nivel nacional relacionados con la erradicaci\u00f3n de cultivos, la perforaci\u00f3n de pozos, la extracci\u00f3n de hidrocarburos y los cultivos productivos. Finalmente, la amenaza latente relacionada con el conflicto armado interno.<\/p>\n<p class=\"tw-data-text tw-ta tw-text-small\" dir=\"ltr\" data-placeholder=\"Traducci\u00f3n\">De acuerdo con el Registro \u00danico de V\u00edctimas (RUV), el 1 de agosto de 2016, 132.900 personas fueron registradas como personas desplazadas y \/ o v\u00edctimas de otros actos en Putumayo; Y la Unidad de Atenci\u00f3n Integral y Reparaci\u00f3n de V\u00edctimas (UARIV) inform\u00f3 que el n\u00famero acumulado de desplazados internos en Putumayo fue de 230,436 de 1985 a 2016, representando alrededor del 68% de la poblaci\u00f3n de la Provincia (Informe Regional, septiembre de 2016).<\/p>\n<p>El riesgo de m\u00faltiples amenazas en el norte del pa\u00eds (Provincia de La Guajira) es evidente en municipios altamente complejos como Manaure, Maicao y Uribia. Una de las razones de esta complejidad fue el hurac\u00e1n Matthew, que se produjo entre el 30 de septiembre y el 2 de octubre de 2016, causando lluvias torrenciales, vientos superiores a 200 km \/ hy marejadas, afectando a la poblaci\u00f3n urbana y rural con inundaciones de casas, centros educativos y otras instalaciones , Acceso reducido a alimentos y recursos econ\u00f3micos mediante la pesca (actividad extractiva que involucra a la gran mayor\u00eda de la poblaci\u00f3n costera del \u00e1rea afectada.<\/p>\n","protected":false},"excerpt":{"rendered":"<p>Bolivia En Bolivia se produjeron 9,978 eventos adversos durante el per\u00edodo 2005-2015, el mayor n\u00famero de eventos a nivel nacional se registraron durante los a\u00f1os 2008, 2007 y 2006 respectivamente.[&#8230;]<\/p>\n","protected":false},"author":1,"featured_media":0,"parent":5,"menu_order":3,"comment_status":"closed","ping_status":"closed","template":"","meta":{"footnotes":""},"_links":{"self":[{"href":"https:\/\/serresiliente.org\/index.php?rest_route=\/wp\/v2\/pages\/149"}],"collection":[{"href":"https:\/\/serresiliente.org\/index.php?rest_route=\/wp\/v2\/pages"}],"about":[{"href":"https:\/\/serresiliente.org\/index.php?rest_route=\/wp\/v2\/types\/page"}],"author":[{"embeddable":true,"href":"https:\/\/serresiliente.org\/index.php?rest_route=\/wp\/v2\/users\/1"}],"replies":[{"embeddable":true,"href":"https:\/\/serresiliente.org\/index.php?rest_route=%2Fwp%2Fv2%2Fcomments&post=149"}],"version-history":[{"count":8,"href":"https:\/\/serresiliente.org\/index.php?rest_route=\/wp\/v2\/pages\/149\/revisions"}],"predecessor-version":[{"id":171,"href":"https:\/\/serresiliente.org\/index.php?rest_route=\/wp\/v2\/pages\/149\/revisions\/171"}],"up":[{"embeddable":true,"href":"https:\/\/serresiliente.org\/index.php?rest_route=\/wp\/v2\/pages\/5"}],"wp:attachment":[{"href":"https:\/\/serresiliente.org\/index.php?rest_route=%2Fwp%2Fv2%2Fmedia&parent=149"}],"curies":[{"name":"wp","href":"https:\/\/api.w.org\/{rel}","templated":true}]}}