{"id":264,"date":"2018-06-12T21:08:47","date_gmt":"2018-06-12T21:08:47","guid":{"rendered":"https:\/\/serresiliente.org\/?page_id=264"},"modified":"2018-12-22T19:13:33","modified_gmt":"2018-12-22T19:13:33","slug":"documentos-sobre-nutricion","status":"publish","type":"page","link":"https:\/\/serresiliente.org\/?page_id=264","title":{"rendered":"Salud y nutrici\u00f3n"},"content":{"rendered":"<header class=\"page-header\">\n<h1 class=\"page-title\">DOCUMENTOS DE CONSULTA<br \/>\n______________________________________<\/h1>\n<\/header>\n<p><strong>\u00c1mbito Nacional<\/strong><\/p>\n<table width=\"567\">\n<tbody>\n<tr>\n<td width=\"56\"><strong>N\u00b0<\/strong><\/td>\n<td width=\"510\"><strong>Documento en PDF<\/strong><\/td>\n<\/tr>\n<tr>\n<td width=\"56\"><strong>1<\/strong><\/td>\n<td width=\"510\"><a href=\"\/herramientas\/4.%20Salud%20y%20Nutricion\/Nacional\/Guia%20Nutricion%20Emergencias.pdf\" target=\"_blank\" rel=\"noopener\"><span style=\"color: #008080;\">Gu\u00eda de nutrici\u00f3n en situaciones de emergencia<\/span><\/a><\/td>\n<\/tr>\n<tr>\n<td width=\"56\"><strong>2<\/strong><\/td>\n<td width=\"510\"><a href=\"\/herramientas\/4.%20Salud%20y%20Nutricion\/Nacional\/Plan%20Sectorial%20Nutricion%20Emergencias.pdf\" target=\"_blank\" rel=\"noopener\"><span style=\"color: #008080;\">Plan Sectorial de Emergencias en Nutrici\u00f3n<\/span><\/a><\/td>\n<\/tr>\n<\/tbody>\n<\/table>\n<p>&nbsp;<\/p>\n<p><strong>\u00c1mbito Departamental<\/strong><\/p>\n<table width=\"567\">\n<tbody>\n<tr>\n<td width=\"56\"><strong>N\u00b0<\/strong><\/td>\n<td width=\"510\"><strong>Documento en PDF<\/strong><\/td>\n<\/tr>\n<tr>\n<td width=\"56\"><strong>1<\/strong><\/td>\n<td width=\"510\"><a href=\"\/herramientas\/4.%20Salud%20y%20Nutricion\/Departamental\/Plan%20Emergencia%20Dptal%20de%20Nutrici%C3%B3n%20Beni.pdf\" target=\"_blank\" rel=\"noopener\"><span style=\"color: #008080;\">Plan Departamental de Emergencias de Nutrici\u00f3n del Beni<\/span><\/a><\/td>\n<\/tr>\n<\/tbody>\n<\/table>\n<p>&nbsp;<\/p>\n<p>\u00c1mbito Municipal<\/p>\n<table width=\"567\">\n<tbody>\n<tr>\n<td width=\"56\"><strong>N\u00b0<\/strong><\/td>\n<td width=\"510\"><strong>Documento en PDF<\/strong><\/td>\n<\/tr>\n<tr>\n<td width=\"56\"><strong>1<\/strong><\/td>\n<td width=\"510\"><span style=\"color: #008080;\"><a style=\"color: #008080;\" href=\"\/herramientas\/4.%20Salud%20y%20Nutricion\/Municipal\/Directrices%20tratamiento%20hospotalario%20ninxs.pdf\" target=\"_blank\" rel=\"noopener\">Directrices para el tratamiento hospitalario de ni\u00f1os con desnutrici\u00f3n grave<\/a><\/span><\/td>\n<\/tr>\n<tr>\n<td width=\"56\"><strong>2<\/strong><\/td>\n<td width=\"510\"><a href=\"\/herramientas\/4.%20Salud%20y%20Nutricion\/Municipal\/MANUAL%20DE%20ANTROPOMETRIA.pdf\" target=\"_blank\" rel=\"noopener\"><span style=\"color: #008080;\">Manual de Antropometrial 2009<\/span><\/a><\/td>\n<\/tr>\n<tr>\n<td width=\"56\"><strong>3<\/strong><\/td>\n<td width=\"510\"><a href=\"\/herramientas\/4.%20Salud%20y%20Nutricion\/Municipal\/AtencioContinuioVida.pdf\" target=\"_blank\" rel=\"noopener\"><span style=\"color: #008080;\">Manual continuo de vida<\/span><\/a><\/td>\n<\/tr>\n<tr>\n<td width=\"56\"><strong>4<\/strong><\/td>\n<td width=\"510\"><span style=\"color: #008080;\"><a style=\"color: #008080;\" href=\"\/herramientas\/4.%20Salud%20y%20Nutricion\/Municipal\/AlimentacionNinosEmergencias.pdf\" target=\"_blank\" rel=\"noopener\">Alimentaci\u00f3n de lactantes y ni\u00f1os (as) peque\u00f1as (os) en emergencias<\/a><\/span><\/td>\n<\/tr>\n<tr>\n<td width=\"56\"><strong>5<\/strong><\/td>\n<td width=\"510\"><span style=\"color: #008080;\"><a style=\"color: #008080;\" href=\"\/herramientas\/4.%20Salud%20y%20Nutricion\/Municipal\/CadenaALimentacionEmerg.pdf\" target=\"_blank\" rel=\"noopener\">Manual de alimentaci\u00f3n y nutrici\u00f3n en situaciones de emergencia (Manual Cadena)<\/a><\/span><\/td>\n<\/tr>\n<tr>\n<td width=\"56\"><strong>6<\/strong><\/td>\n<td width=\"510\"><span style=\"color: #008080;\"><a style=\"color: #008080;\" href=\"\/herramientas\/4.%20Salud%20y%20Nutricion\/Municipal\/CompromisosUnicerf.pdf\">Compromisos b\u00e1sicos UNICEF<\/a><\/span><\/td>\n<\/tr>\n<tr>\n<td width=\"56\"><strong>7<\/strong><\/td>\n<td width=\"510\"><a href=\"\/herramientas\/4.%20Salud%20y%20Nutricion\/Municipal\/Guia%20Simulacros.pdf\" target=\"_blank\" rel=\"noopener\"><span style=\"color: #008080;\">Gu\u00eda de simulaciones y simulacros<\/span><\/a><\/td>\n<\/tr>\n<tr>\n<td width=\"56\"><strong>8<\/strong><\/td>\n<td width=\"510\"><span style=\"color: #008080;\"><a style=\"color: #008080;\" href=\"\/herramientas\/4.%20Salud%20y%20Nutricion\/Municipal\/Guia%20ALimentaria%20Embarazo%20Lactancia.pdf\" target=\"_blank\" rel=\"noopener\">Gu\u00eda alimentaria para la mujer durante el embarazo y lactancia<\/a><\/span><\/td>\n<\/tr>\n<tr>\n<td width=\"56\"><strong>9<\/strong><\/td>\n<td width=\"510\"><span style=\"color: #008080;\"><a style=\"color: #008080;\" href=\"\/herramientas\/4.%20Salud%20y%20Nutricion\/Municipal\/Guia%20Alimentaria%20ninx%20edad%20escolar.pdf\" target=\"_blank\" rel=\"noopener\">Gu\u00eda alimentaria para la ni\u00f1a y ni\u00f1o en edad escolar<\/a><\/span><\/td>\n<\/tr>\n<tr>\n<td width=\"56\"><strong>10<\/strong><\/td>\n<td width=\"510\"><a href=\"\/herramientas\/4.%20Salud%20y%20Nutricion\/Municipal\/Gu%C3%ADa%20Alimentaria%20Adolescentes.pdf\" target=\"_blank\" rel=\"noopener\"><span style=\"color: #008080;\">Gu\u00eda alimentaria para adolescentes<\/span><\/a><\/td>\n<\/tr>\n<tr>\n<td width=\"56\"><strong>11<\/strong><\/td>\n<td width=\"510\"><span style=\"color: #008080;\"><a style=\"color: #008080;\" href=\"\/herramientas\/4.%20Salud%20y%20Nutricion\/Municipal\/Poster%20de%20Servicios%20de%20salud,%20seguridad,%20alimentaria,%20Refugios,%20la%20carta%20humanitaria.pdf\" target=\"_blank\" rel=\"noopener\">Poster de servicios de salud y nutrici\u00f3n (Resumen Normas Esfera)<\/a><\/span><\/td>\n<\/tr>\n<tr>\n<td width=\"56\"><strong>12<\/strong><\/td>\n<td width=\"510\"><a href=\"\/herramientas\/4.%20Salud%20y%20Nutricion\/Municipal\/REGLAMENTO%20TECNICO%20DE%20LA%20SAL%20YODADA_1.pdf\" target=\"_blank\" rel=\"noopener\"><span style=\"color: #008080;\">Reglamento t\u00e9cnico de sal yodada<\/span><\/a><\/td>\n<\/tr>\n<tr>\n<td width=\"56\"><strong>13<\/strong><\/td>\n<td width=\"510\"><span style=\"color: #008080;\"><a style=\"color: #008080;\" href=\"\/herramientas\/4.%20Salud%20y%20Nutricion\/Municipal\/REVISTA%20LACTANCIA%20MATERNA.pdf\" target=\"_blank\" rel=\"noopener\">Revista Lactancia Materna<\/a><\/span><\/td>\n<\/tr>\n<\/tbody>\n<\/table>\n<p><strong>\u00a0<\/strong><\/p>\n<p><strong>\u00c1mbito Comunitario<\/strong><\/p>\n<table width=\"567\">\n<tbody>\n<tr>\n<td width=\"56\"><strong>N\u00b0<\/strong><\/td>\n<td width=\"510\"><strong>Documento en PDF<\/strong><\/td>\n<\/tr>\n<tr>\n<td width=\"56\"><strong>1<\/strong><\/td>\n<td width=\"510\"><a href=\"\/herramientas\/4.%20Salud%20y%20Nutricion\/Comunitario\/10%20PRACTICAS%20CLAVES.pdf\" target=\"_blank\" rel=\"noopener\"><span style=\"color: #008080;\">10 pr\u00e1cticas clave<\/span><\/a><\/td>\n<\/tr>\n<tr>\n<td width=\"56\"><strong>2<\/strong><\/td>\n<td width=\"510\"><a href=\"\/herramientas\/4.%20Salud%20y%20Nutricion\/Comunitario\/CARNET%20DE%20SALUD%20INFANTIL%20NI%C3%91A%20Y%20NI%C3%91O.pdf\" target=\"_blank\" rel=\"noopener\"><span style=\"color: #008080;\">Carnet de Salud Infantil<\/span><\/a><\/td>\n<\/tr>\n<tr>\n<td width=\"56\"><strong>3<\/strong><\/td>\n<td width=\"510\"><a href=\"\/herramientas\/4.%20Salud%20y%20Nutricion\/Comunitario\/Cinta%20Braqial.pdf\" target=\"_blank\" rel=\"noopener\"><span style=\"color: #008080;\">Cinta braquial<\/span><\/a><\/td>\n<\/tr>\n<tr>\n<td width=\"56\"><strong>4<\/strong><\/td>\n<td width=\"510\"><a href=\"\/herramientas\/4.%20Salud%20y%20Nutricion\/Comunitario\/CuadernoPromotorSalud.pdf\" target=\"_blank\" rel=\"noopener\"><span style=\"color: #008080;\">Cuaderno del promotor<\/span><\/a><\/td>\n<\/tr>\n<tr>\n<td width=\"56\"><strong>5<\/strong><\/td>\n<td width=\"510\"><a href=\"\/herramientas\/4.%20Salud%20y%20Nutricion\/Comunitario\/RotafolioUNICEF.pdf\" target=\"_blank\" rel=\"noopener\"><span style=\"color: #008080;\">Rotafolio de Salud y Nutrici\u00f3n<\/span><\/a><\/td>\n<\/tr>\n<\/tbody>\n<\/table>\n<p><strong>\u00a0<\/strong><\/p>\n<h5><\/h5>\n<p>&nbsp;<\/p>\n","protected":false},"excerpt":{"rendered":"<p>DOCUMENTOS DE CONSULTA ______________________________________ \u00c1mbito Nacional N\u00b0 Documento en PDF 1 Gu\u00eda de nutrici\u00f3n en situaciones de emergencia 2 Plan Sectorial de Emergencias en Nutrici\u00f3n &nbsp; \u00c1mbito Departamental N\u00b0 Documento[&#8230;]<\/p>\n","protected":false},"author":1,"featured_media":0,"parent":0,"menu_order":0,"comment_status":"closed","ping_status":"closed","template":"","meta":{"footnotes":""},"_links":{"self":[{"href":"https:\/\/serresiliente.org\/index.php?rest_route=\/wp\/v2\/pages\/264"}],"collection":[{"href":"https:\/\/serresiliente.org\/index.php?rest_route=\/wp\/v2\/pages"}],"about":[{"href":"https:\/\/serresiliente.org\/index.php?rest_route=\/wp\/v2\/types\/page"}],"author":[{"embeddable":true,"href":"https:\/\/serresiliente.org\/index.php?rest_route=\/wp\/v2\/users\/1"}],"replies":[{"embeddable":true,"href":"https:\/\/serresiliente.org\/index.php?rest_route=%2Fwp%2Fv2%2Fcomments&post=264"}],"version-history":[{"count":17,"href":"https:\/\/serresiliente.org\/index.php?rest_route=\/wp\/v2\/pages\/264\/revisions"}],"predecessor-version":[{"id":581,"href":"https:\/\/serresiliente.org\/index.php?rest_route=\/wp\/v2\/pages\/264\/revisions\/581"}],"wp:attachment":[{"href":"https:\/\/serresiliente.org\/index.php?rest_route=%2Fwp%2Fv2%2Fmedia&parent=264"}],"curies":[{"name":"wp","href":"https:\/\/api.w.org\/{rel}","templated":true}]}}