{"id":286,"date":"2018-06-14T18:50:59","date_gmt":"2018-06-14T18:50:59","guid":{"rendered":"https:\/\/serresiliente.org\/?page_id=286"},"modified":"2018-12-22T19:02:03","modified_gmt":"2018-12-22T19:02:03","slug":"documentos-agua-y-saneamiento","status":"publish","type":"page","link":"https:\/\/serresiliente.org\/?page_id=286","title":{"rendered":"Documentos agua y saneamiento"},"content":{"rendered":"<h6>DOCUMENTOS DE CONSULTA<br \/>\n_______________________________________________________<\/h6>\n<p><strong>\u00c1mbito Nacional<\/strong><\/p>\n<table width=\"567\">\n<tbody>\n<tr>\n<td width=\"56\"><strong>N\u00b0<\/strong><\/td>\n<td width=\"510\"><strong>Documento en PDF<\/strong><\/td>\n<\/tr>\n<tr>\n<td width=\"56\"><strong>1<\/strong><\/td>\n<td width=\"510\"><a href=\"http:\/\/www.serresiliente.org\/herramientas\/2.%20Agua%20y%20Saneamiento\/Nacional\/PlanesSectorialesASH.pdf\" target=\"_blank\" rel=\"noopener\"><span style=\"color: #008080;\">Plan Sectorial de Emergencias de Agua, Saneamiento e Higiene<\/span><\/a><\/td>\n<\/tr>\n<\/tbody>\n<\/table>\n<p>&nbsp;<\/p>\n<p><strong>\u00c1mbito Departamental<\/strong><\/p>\n<table width=\"567\">\n<tbody>\n<tr>\n<td width=\"56\"><strong>N\u00b0<\/strong><\/td>\n<td width=\"510\"><strong>Documento en PDF<\/strong><\/td>\n<\/tr>\n<tr>\n<td width=\"56\"><strong>1<\/strong><\/td>\n<td width=\"510\"><a href=\"http:\/\/www.serresiliente.org\/herramientas\/2.%20Agua%20y%20Saneamiento\/Departamental\/Plan%20Emergencia%20%20Dptal%20de%20Agua%20y%20saneamiento%20Beni.pdf\" target=\"_blank\" rel=\"noopener\"><span style=\"color: #008080;\">Plan Departamental de Agua, Saneamiento e Higiene del departamento del Beni<\/span><\/a><\/td>\n<\/tr>\n<tr>\n<td width=\"56\"><strong>2<\/strong><\/td>\n<td width=\"510\"><a href=\"http:\/\/www.serresiliente.org\/herramientas\/2.%20Agua%20y%20Saneamiento\/Departamental\/SistemaMonitoreoWASH.xlsx\" target=\"_blank\" rel=\"noopener\"><span style=\"color: #008080;\">Sistema de Informaci\u00f3n de Agua, Saneamiento e Higiene (Excel)<\/span><\/a><\/td>\n<\/tr>\n<\/tbody>\n<\/table>\n<p>&nbsp;<\/p>\n<p>\u00c1mbito Municipal<\/p>\n<table width=\"567\">\n<tbody>\n<tr>\n<td width=\"56\"><strong>N\u00b0<\/strong><\/td>\n<td width=\"510\"><strong>Documento en PDF<\/strong><\/td>\n<\/tr>\n<tr>\n<td width=\"56\"><strong>1<\/strong><\/td>\n<td width=\"510\"><a href=\"http:\/\/www.serresiliente.org\/herramientas\/2.%20Agua%20y%20Saneamiento\/Municipal\/CartillaServiciosEmergencia.pdf\" target=\"_blank\" rel=\"noopener\"><span style=\"color: #008080;\">Cartilla: Servicios b\u00e1sicos en situaciones de emergencia a nivel municipal UGR<\/span><\/a><\/td>\n<\/tr>\n<tr>\n<td width=\"56\"><strong>2<\/strong><\/td>\n<td width=\"510\"><a href=\"http:\/\/www.serresiliente.org\/herramientas\/2.%20Agua%20y%20Saneamiento\/Municipal\/RotafolioEvaluacionAV.pdf\" target=\"_blank\" rel=\"noopener\"><span style=\"color: #008080;\">Rotafolio evaluaci\u00f3n de amenazas y vulnerabilidades nivel municipal UGR<\/span><\/a><\/td>\n<\/tr>\n<tr>\n<td width=\"56\"><strong>3<\/strong><\/td>\n<td width=\"510\"><a href=\"http:\/\/www.serresiliente.org\/herramientas\/2.%20Agua%20y%20Saneamiento\/Municipal\/ServiciosBasicosEmergencias.pdf\" target=\"_blank\" rel=\"noopener\"><span style=\"color: #008080;\">Servicios b\u00e1sicos en situaciones de emergencia<\/span><\/a><\/td>\n<\/tr>\n<\/tbody>\n<\/table>\n<p><strong>\u00a0<\/strong><\/p>\n<p><strong>\u00c1mbito Comunitario<\/strong><\/p>\n<table width=\"567\">\n<tbody>\n<tr>\n<td width=\"56\"><strong>N\u00b0<\/strong><\/td>\n<td width=\"510\"><strong>Documento en PDF<\/strong><\/td>\n<\/tr>\n<tr>\n<td width=\"56\"><strong>1<\/strong><\/td>\n<td width=\"510\"><a href=\"http:\/\/www.serresiliente.org\/herramientas\/2.%20Agua%20y%20Saneamiento\/Comunitario\/tripticoagua.pdf\" target=\"_blank\" rel=\"noopener\"><span style=\"color: #008080;\">Tr\u00edptico sobre el agua<\/span><\/a><\/td>\n<\/tr>\n<tr>\n<td width=\"56\"><strong>2<\/strong><\/td>\n<td width=\"510\"><a href=\"http:\/\/www.serresiliente.org\/herramientas\/2.%20Agua%20y%20Saneamiento\/Comunitario\/contaminaciondeagua.pdf\" target=\"_blank\" rel=\"noopener\"><span style=\"color: #008080;\">Tr\u00edptico sobre los efectos de la contaminaci\u00f3n<\/span><\/a><\/td>\n<\/tr>\n<tr>\n<td width=\"56\"><strong>3<\/strong><\/td>\n<td width=\"510\"><a href=\"ftp:\/\/ftp.serresiliente.org\/herramientas\/2.%20Agua%20y%20Saneamiento\/Comunitario\/pagotarifas.pdf\" target=\"_blank\" rel=\"noopener\"><span style=\"color: #008080;\">Tr\u00edptico importancia del pago de tarifas<\/span><\/a><\/td>\n<\/tr>\n<tr>\n<td width=\"56\"><strong>4<\/strong><\/td>\n<td width=\"510\"><a href=\"http:\/\/www.serresiliente.org\/herramientas\/2.%20Agua%20y%20Saneamiento\/Comunitario\/GdResiduos.pdf\" target=\"_blank\" rel=\"noopener\"><span style=\"color: #008080;\">Tr\u00edptico de gesti\u00f3n de residuos s\u00f3lidos<\/span><\/a><\/td>\n<\/tr>\n<tr>\n<td width=\"56\"><strong>5<\/strong><\/td>\n<td width=\"510\"><a href=\"http:\/\/www.serresiliente.org\/herramientas\/2.%20Agua%20y%20Saneamiento\/Comunitario\/IniciatSocioProd.pdf\" target=\"_blank\" rel=\"noopener\"><span style=\"color: #008080;\">Tr\u00edptico sobre iniciativas socioproductivas<\/span><\/a><\/td>\n<\/tr>\n<tr>\n<td width=\"56\"><strong>6<\/strong><\/td>\n<td width=\"510\"><a href=\"\/herramientas\/2.%20Agua%20y%20Saneamiento\/Comunitario\/fichaseguimiento.jpg\" target=\"_blank\" rel=\"noopener\"><span style=\"color: #008080;\">Ficha de seguimiento familiar (archivo jpg)<\/span><\/a><\/td>\n<\/tr>\n<tr>\n<td width=\"56\"><strong>7<\/strong><\/td>\n<td width=\"510\"><a href=\"\/herramientas\/2.%20Agua%20y%20Saneamiento\/Comunitario\/PropuestaSaneamientoProd.pdf\" target=\"_blank\" rel=\"noopener\"><span style=\"color: #008080;\">Propuesta de Saneamiento Ecol\u00f3gico Productivo<\/span><\/a><\/td>\n<\/tr>\n<tr>\n<td width=\"56\"><strong>8<\/strong><\/td>\n<td width=\"510\"><a href=\"\/herramientas\/2.%20Agua%20y%20Saneamiento\/Comunitario\/Emprendproductivos.pdf\"><span style=\"color: #008080;\">Emprendimientos Productivos<\/span><\/a><\/td>\n<\/tr>\n<tr>\n<td width=\"56\"><strong>9<\/strong><\/td>\n<td width=\"510\"><a href=\"\/herramientas\/2.%20Agua%20y%20Saneamiento\/Comunitario\/RotafolioUNICEF_WASH.pdf\" target=\"_blank\" rel=\"noopener\"><span style=\"color: #008080;\">Rotafolios de Agua, Saneamiento e Higiene para promotores<\/span><\/a><\/td>\n<\/tr>\n<tr>\n<td width=\"56\"><strong>10<\/strong><\/td>\n<td width=\"510\"><a href=\"\/herramientas\/2.%20Agua%20y%20Saneamiento\/Comunitario\/Plan%20de%20Operaci%C3%B3n%20y%20Mantenimiento%20para%20SAP.pdf\" target=\"_blank\" rel=\"noopener\"><span style=\"color: #008080;\">Cartilla Planes de operaci\u00f3n y mantenimiento de CAPyS<\/span><\/a><\/td>\n<\/tr>\n<\/tbody>\n<\/table>\n<h5><\/h5>\n","protected":false},"excerpt":{"rendered":"<p>DOCUMENTOS DE CONSULTA _______________________________________________________ \u00c1mbito Nacional N\u00b0 Documento en PDF 1 Plan Sectorial de Emergencias de Agua, Saneamiento e Higiene &nbsp; \u00c1mbito Departamental N\u00b0 Documento en PDF 1 Plan Departamental[&#8230;]<\/p>\n","protected":false},"author":1,"featured_media":0,"parent":0,"menu_order":0,"comment_status":"closed","ping_status":"closed","template":"","meta":{"footnotes":""},"_links":{"self":[{"href":"https:\/\/serresiliente.org\/index.php?rest_route=\/wp\/v2\/pages\/286"}],"collection":[{"href":"https:\/\/serresiliente.org\/index.php?rest_route=\/wp\/v2\/pages"}],"about":[{"href":"https:\/\/serresiliente.org\/index.php?rest_route=\/wp\/v2\/types\/page"}],"author":[{"embeddable":true,"href":"https:\/\/serresiliente.org\/index.php?rest_route=\/wp\/v2\/users\/1"}],"replies":[{"embeddable":true,"href":"https:\/\/serresiliente.org\/index.php?rest_route=%2Fwp%2Fv2%2Fcomments&post=286"}],"version-history":[{"count":28,"href":"https:\/\/serresiliente.org\/index.php?rest_route=\/wp\/v2\/pages\/286\/revisions"}],"predecessor-version":[{"id":577,"href":"https:\/\/serresiliente.org\/index.php?rest_route=\/wp\/v2\/pages\/286\/revisions\/577"}],"wp:attachment":[{"href":"https:\/\/serresiliente.org\/index.php?rest_route=%2Fwp%2Fv2%2Fmedia&parent=286"}],"curies":[{"name":"wp","href":"https:\/\/api.w.org\/{rel}","templated":true}]}}