{"id":376,"date":"2018-06-19T16:18:25","date_gmt":"2018-06-19T16:18:25","guid":{"rendered":"https:\/\/serresiliente.org\/?page_id=376"},"modified":"2018-12-22T19:09:13","modified_gmt":"2018-12-22T19:09:13","slug":"gestion-riesgo-agropecuario","status":"publish","type":"page","link":"https:\/\/serresiliente.org\/?page_id=376","title":{"rendered":"Gesti\u00f3n Riesgo Agropecuario"},"content":{"rendered":"<h6 style=\"text-align: left;\"><span style=\"color: #339966;\">DOCUMENTOS DE CONSULTA<\/span><br \/>\n_______________________________________________________<\/h6>\n<p><strong>\u00c1mbito Departamental <\/strong><\/p>\n<table width=\"567\">\n<tbody>\n<tr>\n<td width=\"56\"><strong>N\u00b0<\/strong><\/td>\n<td width=\"510\"><strong>Documento en PDF<\/strong><\/td>\n<\/tr>\n<tr>\n<td width=\"56\">1<\/td>\n<td width=\"510\"><span style=\"color: #008080;\"><a style=\"color: #008080;\" href=\"http:\/\/www.serresiliente.org\/herramientas\/1.%20Agropecuario\/Departamental\/Caracterizaci\u00f3nDeMediosDeVida.pdf\" target=\"_blank\" rel=\"noopener\">Caracterizaci\u00f3n de los Medios de Vida de las cuencas de los r\u00edos Beni y Mamor\u00e9<\/a><\/span><\/td>\n<\/tr>\n<tr>\n<td width=\"56\">2<\/td>\n<td width=\"510\"><span style=\"color: #008080;\"><a style=\"color: #008080;\" href=\"http:\/\/serresiliente.org\/herramientas\/1.%20Agropecuario\/Departamental\/MedidasdeGdRAgropecuarioBeni.pdf\" target=\"_blank\" rel=\"noopener\">Medidas de Gesti\u00f3n de Riesgo Agropecuario en el Beni<\/a><\/span><\/td>\n<\/tr>\n<tr>\n<td width=\"56\">3<\/td>\n<td width=\"510\"><span style=\"color: #008080;\"><a style=\"color: #008080;\" href=\"http:\/\/www.serresiliente.org\/herramientas\/1.%20Agropecuario\/Departamental\/ComportamientoMercadoEmergencias.pdf\">Estudio de Comportamiento del Mercado en Situaciones de Emergencia<\/a><\/span><\/td>\n<\/tr>\n<tr>\n<td width=\"56\">4<\/td>\n<td width=\"510\"><span style=\"color: #008080;\"><a style=\"color: #008080;\" href=\"http:\/\/serresiliente.org\/herramientas\/1.%20Agropecuario\/Departamental\/SaberesAncestralesBeni.pdf\" target=\"_blank\" rel=\"noopener\">Saberes Ancestrales en el departamento del Beni<\/a><\/span><\/td>\n<\/tr>\n<\/tbody>\n<\/table>\n<p><strong>\u00a0<\/strong><\/p>\n<p><strong>\u00c1mbito Municipal<\/strong><\/p>\n<table width=\"567\">\n<tbody>\n<tr>\n<td width=\"56\"><strong>N\u00b0<\/strong><\/td>\n<td width=\"510\"><strong>Documento en PDF<\/strong><\/td>\n<\/tr>\n<tr>\n<td width=\"56\"><strong>1<\/strong><\/td>\n<td width=\"510\"><span style=\"color: #008080;\"><a style=\"color: #008080;\" href=\"http:\/\/serresiliente.org\/herramientas\/1.%20Agropecuario\/Municipal\/Cartilla%20de%20Sanidad%20Animal.pdf\" target=\"_blank\" rel=\"noopener\">Cartilla de sanidad animal<\/a><\/span><\/td>\n<\/tr>\n<tr>\n<td width=\"56\"><strong>2<\/strong><\/td>\n<td width=\"510\"><span style=\"color: #008080;\"><a style=\"color: #008080;\" href=\"\/herramientas\/1.%20Agropecuario\/Municipal\/CartillaTecnicaDelTroje.pdf\" target=\"_blank\" rel=\"noopener\">Cartilla t\u00e9cnica del troje para el almacenamiento de granos<\/a><\/span><\/td>\n<\/tr>\n<tr>\n<td width=\"56\"><strong>3<\/strong><\/td>\n<td width=\"510\"><span style=\"color: #008080;\"><a style=\"color: #008080;\" href=\"http:\/\/serresiliente.org\/herramientas\/1.%20Agropecuario\/Municipal\/CartilloViverosMultiuso.pdf\" target=\"_blank\" rel=\"noopener\">Cartilla viveros multiuso<\/a><\/span><\/td>\n<\/tr>\n<tr>\n<td width=\"56\"><strong>4<\/strong><\/td>\n<td width=\"510\"><span style=\"color: #008080;\"><a style=\"color: #008080;\" href=\"\/herramientas\/1.%20Agropecuario\/Municipal\/EstrategiaRespuestaPalosBlancosIxiamas.pdf\" target=\"_blank\" rel=\"noopener\">Estrategia respuesta y buenas pr\u00e1cticas de los municipios de Ixiamas, San Buenaventura y Palos Blancos<\/a><\/span><\/td>\n<\/tr>\n<tr>\n<td width=\"56\"><strong>5<\/strong><\/td>\n<td width=\"510\"><span style=\"color: #008080;\"><a style=\"color: #008080;\" href=\"\/herramientas\/1.%20Agropecuario\/Municipal\/MedicinasNaturalesParaUsoAnimal.pdf\" target=\"_blank\" rel=\"noopener\">Medicinas naturales para uso de animales<\/a><\/span><\/td>\n<\/tr>\n<tr>\n<td width=\"56\"><strong>6<\/strong><\/td>\n<td width=\"510\"><span style=\"color: #008080;\"><a style=\"color: #008080;\" href=\"\/herramientas\/1.%20Agropecuario\/Municipal\/BPYuca.pdf\" target=\"_blank\" rel=\"noopener\">Identificaci\u00f3n de buenas pr\u00e1cticas y tecnolog\u00edas apropiadas para adaptar la producci\u00f3n de Yuca<\/a><\/span><\/td>\n<\/tr>\n<tr>\n<td width=\"56\"><strong>7<\/strong><\/td>\n<td width=\"510\"><span style=\"color: #008080;\"><a style=\"color: #008080;\" href=\"\/herramientas\/1.%20Agropecuario\/Municipal\/PosteResilienciaMDV.pdf\" target=\"_blank\" rel=\"noopener\">Poster Medios de Vida<\/a><\/span><\/td>\n<\/tr>\n<tr>\n<td width=\"56\"><strong>8<\/strong><\/td>\n<td width=\"510\"><a href=\"\/herramientas\/1.%20Agropecuario\/Municipal\/PosterFamiliaResiliente.pdf\" target=\"_blank\" rel=\"noopener\">P<span style=\"color: #008080;\">oster Familia Resiliente<\/span><\/a><\/td>\n<\/tr>\n<tr>\n<td width=\"56\"><strong>9<\/strong><\/td>\n<td width=\"510\"><span style=\"color: #008080;\"><a style=\"color: #008080;\" href=\"\/herramientas\/1.%20Agropecuario\/Municipal\/PracticasSanidad_InundacionTierrasBajasBolivia.pdf\" target=\"_blank\" rel=\"noopener\">Pr\u00e1cticas de sanidad animal en tierras bajas de Boliva<\/a><\/span><\/td>\n<\/tr>\n<\/tbody>\n<\/table>\n<p><strong>\u00c1mbito Comunitario\u00a0\u00a0\u00a0\u00a0\u00a0\u00a0\u00a0\u00a0\u00a0\u00a0\u00a0\u00a0\u00a0\u00a0\u00a0\u00a0\u00a0\u00a0\u00a0\u00a0 <\/strong><\/p>\n<table width=\"567\">\n<tbody>\n<tr>\n<td width=\"56\"><strong>N\u00b0<\/strong><\/td>\n<td width=\"510\"><strong>Documento en PDF<\/strong><\/td>\n<\/tr>\n<tr>\n<td width=\"56\"><strong>1<\/strong><\/td>\n<td width=\"510\"><span style=\"color: #008080;\"><a style=\"color: #008080;\" href=\"http:\/\/www.serresiliente.org\/herramientas\/1.%20Agropecuario\/Comunitario\/GuiaMIRAFC.pdf\" target=\"_blank\" rel=\"noopener\">Gu\u00eda del Manejo Integral y Resiliente de la Agricultura Familiar Comunitaria<\/a><\/span><\/td>\n<\/tr>\n<tr>\n<td width=\"56\"><strong>2<\/strong><\/td>\n<td width=\"510\"><span style=\"color: #008080;\"><a style=\"color: #008080;\" href=\"http:\/\/www.serresiliente.org\/herramientas\/1.%20Agropecuario\/Comunitario\/RotafolioProduccionAgropecuaria.pdf\" target=\"_blank\" rel=\"noopener\">Rotafolio Producci\u00f3n Agropecuaria<\/a><\/span><\/td>\n<\/tr>\n<tr>\n<td width=\"56\"><strong>3<\/strong><\/td>\n<td width=\"510\"><span style=\"color: #008080;\"><a style=\"color: #008080;\" href=\"http:\/\/www.serresiliente.org\/herramientas\/1.%20Agropecuario\/Comunitario\/Cartilla_ProduccionAgropecuaria.pdf\" target=\"_blank\" rel=\"noopener\">Cartilla de Producci\u00f3n Agropecuaria<\/a><\/span><\/td>\n<\/tr>\n<tr>\n<td width=\"56\"><strong>4<\/strong><\/td>\n<td width=\"510\"><a href=\"\/herramientas\/1.%20Agropecuario\/Comunitario\/CartillaPromotorResiliente.pdf\" target=\"_blank\" rel=\"noopener\"><span style=\"color: #008080;\">Cartilla para ser Promotor Resiliente<\/span><\/a><\/td>\n<\/tr>\n<tr>\n<td width=\"56\"><strong>5<\/strong><\/td>\n<td width=\"510\"><span style=\"color: #008080;\"><a style=\"color: #008080;\" href=\"http:\/\/www.serresiliente.org\/herramientas\/1.%20Agropecuario\/Comunitario\/CartillaSesionCapacitacion.pdf\" target=\"_blank\" rel=\"noopener\">Cartilla para planificar una sesi\u00f3n de capacitaci\u00f3n<\/a><\/span><\/td>\n<\/tr>\n<tr>\n<td width=\"56\"><strong>6<\/strong><\/td>\n<td width=\"510\"><span style=\"color: #008080;\"><a style=\"color: #008080;\" href=\"\/herramientas\/1.%20Agropecuario\/Comunitario\/ManejoPluviometro.pdf\" target=\"_blank\" rel=\"noopener\">Cartilla para el manejo del pluvi\u00f3metro<\/a><\/span><\/td>\n<\/tr>\n<tr>\n<td width=\"56\"><strong>7<\/strong><\/td>\n<td width=\"510\"><span style=\"color: #008080;\"><a style=\"color: #008080;\" href=\"\/herramientas\/1.%20Agropecuario\/Comunitario\/SistemaAlmacenaGranos.pdf\" target=\"_blank\" rel=\"noopener\">Proyecto de dise\u00f1o y mejoramiento de sistemas de almacenaje de grano para las comunidades del pueblo Tacana mediante trojes<\/a><\/span><\/td>\n<\/tr>\n<tr>\n<td width=\"56\"><strong>8<\/strong><\/td>\n<td width=\"510\"><span style=\"color: #008080;\"><a style=\"color: #008080;\" href=\"\/herramientas\/1.%20Agropecuario\/Comunitario\/CartillaPlanComunal.pdf\" target=\"_blank\" rel=\"noopener\">Plan comunal de Gesti\u00f3n de Riesgos de Desastres<\/a><\/span><\/td>\n<\/tr>\n<\/tbody>\n<\/table>\n","protected":false},"excerpt":{"rendered":"<p>DOCUMENTOS DE CONSULTA _______________________________________________________ \u00c1mbito Departamental N\u00b0 Documento en PDF 1 Caracterizaci\u00f3n de los Medios de Vida de las cuencas de los r\u00edos Beni y Mamor\u00e9 2 Medidas de Gesti\u00f3n[&#8230;]<\/p>\n","protected":false},"author":1,"featured_media":0,"parent":0,"menu_order":0,"comment_status":"closed","ping_status":"closed","template":"","meta":{"footnotes":""},"_links":{"self":[{"href":"https:\/\/serresiliente.org\/index.php?rest_route=\/wp\/v2\/pages\/376"}],"collection":[{"href":"https:\/\/serresiliente.org\/index.php?rest_route=\/wp\/v2\/pages"}],"about":[{"href":"https:\/\/serresiliente.org\/index.php?rest_route=\/wp\/v2\/types\/page"}],"author":[{"embeddable":true,"href":"https:\/\/serresiliente.org\/index.php?rest_route=\/wp\/v2\/users\/1"}],"replies":[{"embeddable":true,"href":"https:\/\/serresiliente.org\/index.php?rest_route=%2Fwp%2Fv2%2Fcomments&post=376"}],"version-history":[{"count":23,"href":"https:\/\/serresiliente.org\/index.php?rest_route=\/wp\/v2\/pages\/376\/revisions"}],"predecessor-version":[{"id":580,"href":"https:\/\/serresiliente.org\/index.php?rest_route=\/wp\/v2\/pages\/376\/revisions\/580"}],"wp:attachment":[{"href":"https:\/\/serresiliente.org\/index.php?rest_route=%2Fwp%2Fv2%2Fmedia&parent=376"}],"curies":[{"name":"wp","href":"https:\/\/api.w.org\/{rel}","templated":true}]}}