{"id":39,"date":"2018-06-04T21:35:29","date_gmt":"2018-06-04T21:35:29","guid":{"rendered":"https:\/\/serresiliente.org\/?page_id=39"},"modified":"2018-06-05T20:45:37","modified_gmt":"2018-06-05T20:45:37","slug":"area-intervencion","status":"publish","type":"page","link":"https:\/\/serresiliente.org\/?page_id=39","title":{"rendered":"\u00c1rea Intervenci\u00f3n"},"content":{"rendered":"<p>El consorcio de Resiliencia en Bolivia actualmente trabaja en las cuencas de los r\u00edos Beni y Mamor\u00e9:<\/p>\n<p><img decoding=\"async\" loading=\"lazy\" class=\"aligncenter wp-image-74 size-full\" src=\"https:\/\/serresiliente.org\/wp-content\/uploads\/2018\/06\/mapaResiliencia.jpg\" alt=\"\" width=\"567\" height=\"567\" srcset=\"https:\/\/serresiliente.org\/wp-content\/uploads\/2018\/06\/mapaResiliencia.jpg 567w, https:\/\/serresiliente.org\/wp-content\/uploads\/2018\/06\/mapaResiliencia-150x150.jpg 150w, https:\/\/serresiliente.org\/wp-content\/uploads\/2018\/06\/mapaResiliencia-300x300.jpg 300w\" sizes=\"(max-width: 567px) 100vw, 567px\" \/><\/p>\n<p>Son nueve comunidades involucradas en dos departamentos.<\/p>\n<table>\n<tbody>\n<tr>\n<td width=\"283\"><strong>Departamento de La Paz<\/strong><\/td>\n<td width=\"283\"><strong>Departamento del Beni<\/strong><\/td>\n<\/tr>\n<tr>\n<td width=\"283\">Palos Blancos<\/td>\n<td width=\"283\">Santa Ana<\/td>\n<\/tr>\n<tr>\n<td width=\"283\">San Buenaventura<\/td>\n<td width=\"283\">Reyes<\/td>\n<\/tr>\n<tr>\n<td width=\"283\"><\/td>\n<td width=\"283\">Rurrenabaque<\/td>\n<\/tr>\n<tr>\n<td width=\"283\"><\/td>\n<td width=\"283\">San Borja<\/td>\n<\/tr>\n<tr>\n<td width=\"283\"><\/td>\n<td width=\"283\">Trinidad<\/td>\n<\/tr>\n<tr>\n<td width=\"283\"><\/td>\n<td width=\"283\">Exaltaci\u00f3n<\/td>\n<\/tr>\n<tr>\n<td width=\"283\"><\/td>\n<td width=\"283\">San Ignacio de Moxos<\/td>\n<\/tr>\n<\/tbody>\n<\/table>\n<p>En Colombia el Gobierno Nacional y FAO centra su trabajo en los departamentos de Guajira y Putumayo en las municipios de Uribia, Manaure y Puerto Guzm\u00e1n.<\/p>\n<p>&nbsp;<\/p>\n","protected":false},"excerpt":{"rendered":"<p>El consorcio de Resiliencia en Bolivia actualmente trabaja en las cuencas de los r\u00edos Beni y Mamor\u00e9: Son nueve comunidades involucradas en dos departamentos. Departamento de La Paz Departamento del[&#8230;]<\/p>\n","protected":false},"author":1,"featured_media":0,"parent":5,"menu_order":2,"comment_status":"closed","ping_status":"closed","template":"","meta":{"footnotes":""},"_links":{"self":[{"href":"https:\/\/serresiliente.org\/index.php?rest_route=\/wp\/v2\/pages\/39"}],"collection":[{"href":"https:\/\/serresiliente.org\/index.php?rest_route=\/wp\/v2\/pages"}],"about":[{"href":"https:\/\/serresiliente.org\/index.php?rest_route=\/wp\/v2\/types\/page"}],"author":[{"embeddable":true,"href":"https:\/\/serresiliente.org\/index.php?rest_route=\/wp\/v2\/users\/1"}],"replies":[{"embeddable":true,"href":"https:\/\/serresiliente.org\/index.php?rest_route=%2Fwp%2Fv2%2Fcomments&post=39"}],"version-history":[{"count":11,"href":"https:\/\/serresiliente.org\/index.php?rest_route=\/wp\/v2\/pages\/39\/revisions"}],"predecessor-version":[{"id":148,"href":"https:\/\/serresiliente.org\/index.php?rest_route=\/wp\/v2\/pages\/39\/revisions\/148"}],"up":[{"embeddable":true,"href":"https:\/\/serresiliente.org\/index.php?rest_route=\/wp\/v2\/pages\/5"}],"wp:attachment":[{"href":"https:\/\/serresiliente.org\/index.php?rest_route=%2Fwp%2Fv2%2Fmedia&parent=39"}],"curies":[{"name":"wp","href":"https:\/\/api.w.org\/{rel}","templated":true}]}}