{"id":45,"date":"2018-06-04T21:40:33","date_gmt":"2018-06-04T21:40:33","guid":{"rendered":"https:\/\/serresiliente.org\/?page_id=45"},"modified":"2018-12-22T17:04:00","modified_gmt":"2018-12-22T17:04:00","slug":"historias-de-vida","status":"publish","type":"page","link":"https:\/\/serresiliente.org\/?page_id=45","title":{"rendered":"Publicaciones"},"content":{"rendered":"<p>La presente secci\u00f3n pone a su disposici\u00f3n y para su consulta documentos de:<\/p>\n<h6><strong>Inter\u00e9s General<br \/>\n&#8212;&#8212;&#8212;&#8212;&#8212;&#8212;&#8212;&#8212;&#8212;&#8212;&#8212;&#8212;&#8212;&#8212;&#8212;&#8212;&#8212;&#8212;&#8212;&#8212;&#8212;&#8212;&#8212;&#8212;&#8212;&#8212;&#8212;&#8212;<\/strong><\/h6>\n<table width=\"567\">\n<tbody>\n<tr>\n<td width=\"56\"><strong>N\u00b0<\/strong><\/td>\n<td width=\"510\"><strong>Documento en PDF<\/strong><\/td>\n<\/tr>\n<tr>\n<td width=\"56\"><strong>1<\/strong><\/td>\n<td width=\"510\"><span style=\"color: #008080;\"><a style=\"color: #008080;\" href=\"http:\/\/serresiliente.org\/herramientas\/0%20Interes%20General\/1.%20Ley%20602.pdf\" target=\"_blank\" rel=\"noopener\">Ley Nacional de Gesti\u00f3n de Riesgos (602)<\/a><\/span><\/td>\n<\/tr>\n<tr>\n<td width=\"56\"><strong>2<\/strong><\/td>\n<td width=\"510\"><span style=\"color: #008080;\"><a style=\"color: #008080;\" href=\"http:\/\/serresiliente.org\/herramientas\/0%20Interes%20General\/2.%20Decreto%20Reglamentario%20de%20L602.pdf\" target=\"_blank\" rel=\"noopener\">Decreto Reglamentario de la Ley 602<\/a><\/span><\/td>\n<\/tr>\n<tr>\n<td width=\"56\"><strong>3<\/strong><\/td>\n<td width=\"510\"><span style=\"color: #008080;\"><a style=\"color: #008080;\" href=\"http:\/\/www.serresiliente.org\/herramientas\/0%20Interes%20General\/3.Formularios%20EDAN.pdf\" target=\"_blank\" rel=\"noopener\">Formularios EDAN<\/a><\/span><\/td>\n<\/tr>\n<tr>\n<td width=\"56\"><strong>4<\/strong><\/td>\n<td width=\"510\"><span style=\"color: #008080;\"><a style=\"color: #008080;\" href=\"http:\/\/www.serresiliente.org\/herramientas\/0%20Interes%20General\/4.%20AhorrroRiesgos.pdf\">EL ahorro y la previsi\u00f3n financiera una herramienta de gesti\u00f3n de riesgos<\/a><\/span><\/td>\n<\/tr>\n<tr>\n<td width=\"56\"><strong>5<\/strong><\/td>\n<td width=\"510\"><span style=\"color: #008080;\"><a style=\"color: #008080;\" href=\"http:\/\/serresiliente.org\/herramientas\/0%20Interes%20General\/5.%20ProtocolosAhorroVulnerablesOECOM.pdf\" target=\"_blank\" rel=\"noopener\">Protocolos de ahorro para la emergencia de Organizaciones Econ\u00f3micas Vulnerables<\/a><\/span><\/td>\n<\/tr>\n<tr>\n<td width=\"56\"><strong>6<\/strong><\/td>\n<td width=\"510\"><span style=\"color: #008080;\"><a style=\"color: #008080;\" href=\"http:\/\/serresiliente.org\/herramientas\/0%20Interes%20General\/5.SeparatResultadosProyecto.pdf\" target=\"_blank\" rel=\"noopener\">Separata de Resultados Proyecto Resiliencia<\/a><\/span><\/td>\n<\/tr>\n<tr>\n<td width=\"56\"><strong>7<\/strong><\/td>\n<td width=\"510\"><a href=\"http:\/\/www..serresiliente.org\/herramientas\/0%20Interes%20General\/7.CompedioReglamentosGdR.pdf\" target=\"_blank\" rel=\"noopener\"><span style=\"color: #008080;\">Compendio de Reglamentos en gesti\u00f3n de riesgos<\/span><\/a><\/td>\n<\/tr>\n<tr>\n<td width=\"56\"><strong>8<\/strong><\/td>\n<td width=\"510\"><span style=\"color: #008080;\"><a style=\"color: #008080;\" href=\"http:\/\/serresiliente.org\/herramientas\/0%20Interes%20General\/8.MunicipiosInundaciones.pdf\" target=\"_blank\" rel=\"noopener\">Municipios con recurrencias en inundaciones y sequias<\/a><\/span><\/td>\n<\/tr>\n<\/tbody>\n<\/table>\n","protected":false},"excerpt":{"rendered":"<p>La presente secci\u00f3n pone a su disposici\u00f3n y para su consulta documentos de: Inter\u00e9s General &#8212;&#8212;&#8212;&#8212;&#8212;&#8212;&#8212;&#8212;&#8212;&#8212;&#8212;&#8212;&#8212;&#8212;&#8212;&#8212;&#8212;&#8212;&#8212;&#8212;&#8212;&#8212;&#8212;&#8212;&#8212;&#8212;&#8212;&#8212; N\u00b0 Documento en PDF 1 Ley Nacional de Gesti\u00f3n de Riesgos (602) 2 Decreto[&#8230;]<\/p>\n","protected":false},"author":1,"featured_media":0,"parent":13,"menu_order":5,"comment_status":"closed","ping_status":"closed","template":"","meta":{"footnotes":""},"_links":{"self":[{"href":"https:\/\/serresiliente.org\/index.php?rest_route=\/wp\/v2\/pages\/45"}],"collection":[{"href":"https:\/\/serresiliente.org\/index.php?rest_route=\/wp\/v2\/pages"}],"about":[{"href":"https:\/\/serresiliente.org\/index.php?rest_route=\/wp\/v2\/types\/page"}],"author":[{"embeddable":true,"href":"https:\/\/serresiliente.org\/index.php?rest_route=\/wp\/v2\/users\/1"}],"replies":[{"embeddable":true,"href":"https:\/\/serresiliente.org\/index.php?rest_route=%2Fwp%2Fv2%2Fcomments&post=45"}],"version-history":[{"count":15,"href":"https:\/\/serresiliente.org\/index.php?rest_route=\/wp\/v2\/pages\/45\/revisions"}],"predecessor-version":[{"id":557,"href":"https:\/\/serresiliente.org\/index.php?rest_route=\/wp\/v2\/pages\/45\/revisions\/557"}],"up":[{"embeddable":true,"href":"https:\/\/serresiliente.org\/index.php?rest_route=\/wp\/v2\/pages\/13"}],"wp:attachment":[{"href":"https:\/\/serresiliente.org\/index.php?rest_route=%2Fwp%2Fv2%2Fmedia&parent=45"}],"curies":[{"name":"wp","href":"https:\/\/api.w.org\/{rel}","templated":true}]}}