{"id":49,"date":"2018-06-04T21:41:19","date_gmt":"2018-06-04T21:41:19","guid":{"rendered":"https:\/\/serresiliente.org\/?page_id=49"},"modified":"2022-02-16T19:52:46","modified_gmt":"2022-02-16T19:52:46","slug":"audios","status":"publish","type":"page","link":"https:\/\/serresiliente.org\/?page_id=49","title":{"rendered":"En los medios"},"content":{"rendered":"\n<div class=\"wp-block-columns is-layout-flex wp-container-2 wp-block-columns-is-layout-flex\">\n<div class=\"wp-block-column is-layout-flow wp-block-column-is-layout-flow\" style=\"flex-basis:100%\">\n<table style=\"height: 817px;\" width=\"840\">\n<tbody>\n<tr>\n<td width=\"481\">\n<h6><strong>TITULARES Y ENLACES RELACIONADOS AL PROYECTO<\/strong><\/h6>\n<\/td>\n<\/tr>\n<tr>\n<td width=\"481\">\n<p><em><strong>Chiquitan\u00eda<\/strong><\/em><\/p>\n<p><strong>El proyecto Chiquitan\u00eda Resiliente cierra con el agradecimiento y cari\u00f1o de la poblaci\u00f3n de San Jos\u00e9 de Chiquitos. Nota de cierre del proyecto<\/strong><\/p>\n<p><a href=\"http:\/\/practicalaction.org.bo\/el-proyecto-chiquitania-resiliente-cierra-con-el-agradecimiento-y-carino-de-la-poblacion-de-san-jose-de-chiquitos\">http:\/\/practicalaction.org.bo\/el-proyecto-chiquitania-resiliente-cierra-con-el-agradecimiento-y-carino-de-la-poblacion-de-san-jose-de-chiquitos<\/a><\/p>\n<p><strong>Comunidades chiquitanas resilientes para enfrentar los desastres. Art\u00edculo final del proyecto<\/strong><\/p>\n<p><a href=\"http:\/\/practicalaction.org.bo\/comunidades-chiquitanas-resilientes-para-enfrentar-los-desastres\">http:\/\/practicalaction.org.bo\/comunidades-chiquitanas-resilientes-para-enfrentar-los-desastres<\/a><\/p>\n<p><strong>Entrega de plantines frutales y medicinales como parte de las estrategias resilientes del MIRAF<\/strong><\/p>\n<p><a href=\"http:\/\/practicalaction.org.bo\/entrega-de-plantines-frutales-y-medicinales-como-estrategia-resiliente-del-miraf\">http:\/\/practicalaction.org.bo\/entrega-de-plantines-frutales-y-medicinales-como-estrategia-resiliente-del-miraf<\/a><\/p>\n<p><strong>Volver a los saberes ancestrales para enfrentar la sequ\u00eda y el fuego<\/strong><\/p>\n<p><a href=\"https:\/\/www.laregion.bo\/volver-a-los-saberes-ancestrales-para-enfrentar-la-sequia-y-el-fuego\/\">https:\/\/www.laregion.bo\/volver-a-los-saberes-ancestrales-para-enfrentar-la-sequia-y-el-fuego\/<\/a><\/p>\n<p><a href=\"https:\/\/www.facebook.com\/729541197228437\/posts\/2021868211329056\/\">https:\/\/www.facebook.com\/729541197228437\/posts\/2021868211329056\/<\/a><\/p>\n<p><a href=\"https:\/\/www.facebook.com\/groups\/270744178441784\/posts\/272443604938508\/\">https:\/\/www.facebook.com\/groups\/270744178441784\/posts\/272443604938508\/<\/a><\/p>\n<p><a href=\"https:\/\/twitter.com\/LaRegionPrensa\/status\/1468958408841699331?s=20\">https:\/\/twitter.com\/LaRegionPrensa\/status\/1468958408841699331?s=20<\/a><\/p>\n<p><strong>Vermicompostaje<\/strong><\/p>\n<p><a href=\"http:\/\/practicalaction.org.bo\/vermicompostaje-una-estrategia-resiliente-para-la-chiquitania\">http:\/\/practicalaction.org.bo\/vermicompostaje-una-estrategia-resiliente-para-la-chiquitania<\/a><\/p>\n<p><strong>Bolet\u00edn informativo sobre el proyecto Resiliencia Chiquitania<\/strong><\/p>\n<p><a href=\"https:\/\/mailchi.mp\/solucionespracticas\/premios-pods-161018?fbclid=IwAR1yAkihbce-twhpFPSruBKM5yhKXar5rNS2Ac6sYQHXBjc5sAxinjhh8B4\">https:\/\/mailchi.mp\/solucionespracticas\/premios-pods-161018?fbclid=IwAR1yAkihbce-twhpFPSruBKM5yhKXar5rNS2Ac6sYQHXBjc5sAxinjhh8B4<\/a><\/p>\n<p><strong>Entrega de obras de sistema de agua (recompartido desde la p\u00e1gina del GAM San Jos\u00e9)<\/strong><\/p>\n<p><a href=\"https:\/\/www.facebook.com\/PracticalActionEnBolivia\/posts\/464437561913655\">https:\/\/www.facebook.com\/PracticalActionEnBolivia\/posts\/464437561913655<\/a><\/p>\n<p><a href=\"https:\/\/www.facebook.com\/PracticalActionEnBolivia\/posts\/464439871913424\">https:\/\/www.facebook.com\/PracticalActionEnBolivia\/posts\/464439871913424<\/a><\/p>\n<p><strong>San Jos\u00e9 de Chiquitos resalt\u00f3 pr\u00e1cticas\u00a0 saberes ancestrales para la resiliencia de los medios de vida de sus comunidades<\/strong><\/p>\n<p><a href=\"http:\/\/practicalaction.org.bo\/saberes-ancestrales-en-la-chiquitania\">http:\/\/practicalaction.org.bo\/saberes-ancestrales-en-la-chiquitania<\/a><\/p>\n<p><strong>Concurso promueve el rescate, revalorizaci\u00f3n de tecnolog\u00edas, saberes y pr\u00e1cticas ancestrales en la Chiquitan\u00eda<\/strong><\/p>\n<p><a href=\"http:\/\/practicalaction.org.bo\/convenio-marco-entre-el-municipio-de-collana-y-practical-action\">http:\/\/practicalaction.org.bo\/convenio-marco-entre-el-municipio-de-collana-y-practical-action<\/a><\/p>\n<p><strong>12 comunidades conforman cuadrillas contra los incendios en San Jos\u00e9 de Chiquitos<\/strong><\/p>\n<p><a href=\"http:\/\/practicalaction.org.bo\/12-comunidades-conforman-cuadrillas-contra-los-incendios-en-san-jose-de-chiquitos?fbclid=IwAR3EIV9JRxzooYOkwNSbkL7VkCnfVEQFQDDLh_Re0MRo87pvojkbZxIvxzI\">http:\/\/practicalaction.org.bo\/12-comunidades-conforman-cuadrillas-contra-los-incendios-en-san-jose-de-chiquitos?fbclid=IwAR3EIV9JRxzooYOkwNSbkL7VkCnfVEQFQDDLh_Re0MRo87pvojkbZxIvxzI<\/a><\/p>\n<p><strong>Mejoras al sistema de agua de la comunidad de Buena Vista de San Jos\u00e9 de Chiquitos<\/strong><\/p>\n<p><a href=\"http:\/\/practicalaction.org.bo\/mejoras-al-sistema-de-agua-de-la-comunidad-de-buena-vista-de-san-jose-de-chiquitos?fbclid=IwAR3FYYhxFbRrONuNQn1X34pvV3lRuinxNKI1arPsjNPqcLgLOtnKbHcgk-s\">http:\/\/practicalaction.org.bo\/mejoras-al-sistema-de-agua-de-la-comunidad-de-buena-vista-de-san-jose-de-chiquitos?fbclid=IwAR3FYYhxFbRrONuNQn1X34pvV3lRuinxNKI1arPsjNPqcLgLOtnKbHcgk-s<\/a><\/p>\n<p><strong>Comunidades de San Jos\u00e9 de Chiquitos trabajan en la implementaci\u00f3n del CECADER en la zona<\/strong><\/p>\n<p><a href=\"http:\/\/practicalaction.org.bo\/comunidades-san-jose-de-chiquitos-trabajan-en-la-implementacion-del-cecader-en-la-zona\">http:\/\/practicalaction.org.bo\/comunidades-san-jose-de-chiquitos-trabajan-en-la-implementacion-del-cecader-en-la-zona<\/a><\/p>\n<p><strong>La comunidad de Ipi\u00e1s fortalece su comit\u00e9 de agua<\/strong><\/p>\n<p><a href=\"http:\/\/practicalaction.org.bo\/la-comunidad-de-ipias-fortalece-su-comite-de-agua\">http:\/\/practicalaction.org.bo\/la-comunidad-de-ipias-fortalece-su-comite-de-agua<\/a><\/p>\n<p><strong>El trabajo en alianza con la cooperativa de Comayo por el trabajo en conjunto en San Jos\u00e9 de Chiquitos en favor de las comunidades<\/strong><\/p>\n<p><a href=\"https:\/\/www.facebook.com\/PracticalActionEnBolivia\/posts\/385870749770337\">https:\/\/www.facebook.com\/PracticalActionEnBolivia\/posts\/385870749770337<\/a><\/p>\n<p><strong>Promotores\/as agr\u00edcolas y responsables comunales se capacitan en gesti\u00f3n del riesgo en San Jos\u00e9 de Chiquitos<\/strong><\/p>\n<p><a href=\"http:\/\/practicalaction.org.bo\/promotores-responsables-de-gestion-se-capacitan-en-gestion-del-riesgo-en-san-jose-de-chiquitos\">http:\/\/practicalaction.org.bo\/promotores-responsables-de-gestion-se-capacitan-en-gestion-del-riesgo-en-san-jose-de-chiquitos<\/a><\/p>\n<p><a href=\"https:\/\/www.facebook.com\/PracticalActionEnBolivia\/posts\/383386533352092\">https:\/\/www.facebook.com\/PracticalActionEnBolivia\/posts\/383386533352092<\/a><\/p>\n<p><strong style=\"font-size: 1.0625rem; font-family: inherit;\">San Jos\u00e9 de Chiquitos conforma mesas sectoriales para una mejor respuesta del COEM<\/strong><\/p>\n<p><a href=\"http:\/\/practicalaction.org.bo\/san-jose-de-chiquitos-conforma-mesas-sectoriales-para-una-mejor-respuesta-del-coem?fbclid=IwAR1LPEFS9FuyrdisZ9mMdUiZW-V4wuDUwz9HvQgvBOCAgBi-BILPHVjSjAo\">http:\/\/practicalaction.org.bo\/san-jose-de-chiquitos-conforma-mesas-sectoriales-para-una-mejor-respuesta-del-coem?fbclid=IwAR1LPEFS9FuyrdisZ9mMdUiZW-V4wuDUwz9HvQgvBOCAgBi-BILPHVjSjAo<\/a><\/p>\n<p><strong>Quituqui\u00f1a se capacita para evaluar da\u00f1os y analizar necesidades<\/strong><\/p>\n<p><a href=\"http:\/\/practicalaction.org.bo\/comunidad-de-quituquina-se-capacita-en-edan?fbclid=IwAR1PcALDX4LkURnT3xq3ESC_iV6XAJSsMhCOf9p0l4JyVulfo1XteO_1Haw\">http:\/\/practicalaction.org.bo\/comunidad-de-quituquina-se-capacita-en-edan?fbclid=IwAR1PcALDX4LkURnT3xq3ESC_iV6XAJSsMhCOf9p0l4JyVulfo1XteO_1Haw<\/a><\/p>\n<p><strong>Firma del convenio del proyecto Resiliencia Chiquitan\u00eda<\/strong><\/p>\n<p><a href=\"https:\/\/www.facebook.com\/PracticalActionEnBolivia\/posts\/369619558062123\">https:\/\/www.facebook.com\/PracticalActionEnBolivia\/posts\/369619558062123<\/a><\/p>\n<p><strong>San Jos\u00e9 de Chiquitos avanza en la socializaci\u00f3n de la propuesta de ley de gesti\u00f3n del riesgo<\/strong><\/p>\n<p><a href=\"http:\/\/practicalaction.org.bo\/propuesta-de-ley-de-gestion-de-riesgos-san-jose-de-chiquitos?fbclid=IwAR2HIXKSlBUAHdi381SKV4AIosQD_ND8xi4653nD8gGUtaOL-LOxo4DHllI\">http:\/\/practicalaction.org.bo\/propuesta-de-ley-de-gestion-de-riesgos-san-jose-de-chiquitos?fbclid=IwAR2HIXKSlBUAHdi381SKV4AIosQD_ND8xi4653nD8gGUtaOL-LOxo4DHllI<\/a><\/p>\n<p><strong>Taller de presentaci\u00f3n de instrumentos municipales para la planificaci\u00f3n de la gesti\u00f3n del riesgo municipal<\/strong><\/p>\n<p><a href=\"https:\/\/www.facebook.com\/PracticalActionEnBolivia\/posts\/355940102763402\">https:\/\/www.facebook.com\/PracticalActionEnBolivia\/posts\/355940102763402<\/a><\/p>\n<p><strong>Entrega de semillas y hortalizas en comunidades de San Jos\u00e9 de Chiquitos<\/strong><\/p>\n<p><a href=\"http:\/\/practicalaction.org.bo\/medios-de-vida?fbclid=IwAR0ipg0iseTdQYZei0NedPQ7s7JX3TonxeVfGGE8IzIk-D1bDX7bqdeByes\">http:\/\/practicalaction.org.bo\/medios-de-vida?fbclid=IwAR0ipg0iseTdQYZei0NedPQ7s7JX3TonxeVfGGE8IzIk-D1bDX7bqdeByes<\/a><\/p>\n<p><strong>Simulacro en el departamento mide reacci\u00f3n de dos municipios\u00a0<\/strong><\/p>\n<\/td>\n<\/tr>\n<tr>\n<td width=\"481\"><span style=\"color: #008080;\"><a style=\"color: #008080;\" href=\"https:\/\/issuu.com\/lapalabradelbeni\/docs\/lpb_13122018\" target=\"_blank\" rel=\"noopener\">https:\/\/issuu.com\/lapalabradelbeni\/docs\/lpb_13122018<\/a><\/span><\/td>\n<\/tr>\n<tr>\n<td width=\"481\"><strong>Simulacro de emergencia mide capacidad de reacci\u00f3n en dos municipios del Beni<\/strong><\/td>\n<\/tr>\n<tr>\n<td width=\"481\"><span style=\"color: #008080;\"><a style=\"color: #008080;\" href=\"http:\/\/www.mindef.gob.bo\/mindef\/node\/3273\" target=\"_blank\" rel=\"noopener\">http:\/\/www.mindef.gob.bo\/mindef\/node\/3273<\/a><\/span><\/td>\n<\/tr>\n<tr>\n<td width=\"481\"><strong>Simulacro de emergencia mide capacidad de reacci\u00f3n en dos municipios del Beni<\/strong><\/td>\n<\/tr>\n<tr>\n<td width=\"481\"><span style=\"color: #008080;\"><a style=\"color: #008080;\" href=\"https:\/\/www.boliviaentusmanos.com\/noticias\/bolivia\/324719\/simulacro-de-emergencia-mide-capacidad-de-reaccion-en-dos-municipios-del-beni.html\" target=\"_blank\" rel=\"noopener\">https:\/\/www.boliviaentusmanos.com\/noticias\/bolivia\/324719\/simulacro-de-emergencia-mide-capacidad-de-reaccion-en-dos-municipios-del-beni.html<\/a><\/span><\/td>\n<\/tr>\n<tr>\n<td width=\"481\"><strong>Periodistas de Trinidad se capacitaron\u00a0 en gesti\u00f3n de riesgos<\/strong><\/td>\n<\/tr>\n<tr>\n<td width=\"481\"><span style=\"color: #008080;\"><a style=\"color: #008080;\" href=\"https:\/\/www.prensarural.com.bo\/comunidad\/periodistas-de-trinidad-se-capacitaron-en-gestion-de-riesgos\/\" target=\"_blank\" rel=\"noopener\">https:\/\/www.prensarural.com.bo\/comunidad\/periodistas-de-trinidad-se-capacitaron-en-gestion-de-riesgos\/<\/a><\/span><\/td>\n<\/tr>\n<tr>\n<td width=\"481\"><strong>Compartiendo buenas pr\u00e1cticas para hacer frente a los desastres<\/strong><\/td>\n<\/tr>\n<tr>\n<td width=\"481\"><span style=\"color: #008080;\"><a style=\"color: #008080;\" href=\"https:\/\/issuu.com\/lapalabradelbeni\/docs\/lpb_23082018\" target=\"_blank\" rel=\"noopener\">https:\/\/issuu.com\/lapalabradelbeni\/docs\/lpb_23082018<\/a><\/span><\/td>\n<\/tr>\n<tr>\n<td width=\"481\"><strong>La feria \u201cComunidades resilientes\u201d: La historia despu\u00e9s de un desastre<\/strong><\/td>\n<\/tr>\n<tr>\n<td width=\"481\"><span style=\"color: #008080;\"><a style=\"color: #008080;\" href=\"http:\/\/www.solucionespracticas.org.bo\/la_feria_comunidades_resilientes_la_historia_despues_del_desastre\" target=\"_blank\" rel=\"noopener\">http:\/\/www.solucionespracticas.org.bo\/la_feria_comunidades_resilientes_la_historia_despues_del_desastre<\/a><\/span><\/td>\n<\/tr>\n<tr>\n<td width=\"481\"><strong>Las &#8216;Comunidades Resilientes&#8217; comparten experiencias para combatir desastres naturales<\/strong><\/td>\n<\/tr>\n<tr>\n<td width=\"481\"><span style=\"color: #008080;\"><a style=\"color: #008080;\" href=\"https:\/\/www.oxigeno.bo\/gente\/31818\" target=\"_blank\" rel=\"noopener\">https:\/\/www.oxigeno.bo\/gente\/31818<\/a><\/span><\/td>\n<\/tr>\n<tr>\n<td width=\"481\"><strong>Euronews: Inside the rainforest&#8217;s medicine cabinet<\/strong><\/td>\n<\/tr>\n<tr>\n<td width=\"481\">\u00a0<span style=\"color: #008080;\"><a style=\"color: #008080;\" href=\"http:\/\/www.euronews.com\/2017\/07\/20\/inside-the-rainforest-s-medicine-cabinet\" target=\"_blank\" rel=\"noopener\" data-saferedirecturl=\"https:\/\/www.google.com\/url?q=http:\/\/www.euronews.com\/2017\/07\/20\/inside-the-rainforest-s-medicine-cabinet&amp;source=gmail&amp;ust=1545585510243000&amp;usg=AFQjCNHV2ilNnbnKtxpEdomOj1q2axoCxA\">http:\/\/www.euronews.com\/2017\/07\/20\/inside-the-rainforest-s-medicine-cabinet<\/a><\/span><\/td>\n<\/tr>\n<tr>\n<td width=\"481\"><strong>Euronews: Bolivia: tradici\u00f3n para paliar las consecuencias de los desastres naturales<\/strong><\/td>\n<\/tr>\n<tr>\n<td width=\"481\"><span style=\"color: #008080;\"><a style=\"color: #008080;\" href=\"http:\/\/es.euronews.com\/2017\/07\/20\/bolivia-tradicion-para-paliar-las-consecuencias-de-los-desastres-naturales\" target=\"_blank\" rel=\"noopener\">http:\/\/es.euronews.com\/2017\/07\/20\/bolivia-tradicion-para-paliar-las-consecuencias-de-los-desastres-naturales<\/a><\/span><\/td>\n<\/tr>\n<tr>\n<td width=\"481\"><strong>Sistema de bombeo solar en Altamarani: ATB<\/strong><\/td>\n<\/tr>\n<tr>\n<td width=\"481\"><span style=\"color: #008080;\"><a style=\"color: #008080;\" href=\"https:\/\/www.youtube.com\/watch?v=9NiBOHQTQrc\" target=\"_blank\" rel=\"noopener\">https:\/\/www.youtube.com\/watch?v=9NiBOHQTQrc<\/a><\/span><\/td>\n<\/tr>\n<tr>\n<td width=\"481\"><strong>Feria de tecnolog\u00edas en Ecos del Oriente:\u00a0<\/strong><\/td>\n<\/tr>\n<tr>\n<td width=\"481\"><span style=\"color: #008080;\"><a style=\"color: #008080;\" href=\"https:\/\/www.youtube.com\/watch?v=BW7RJFEQTNE\" target=\"_blank\" rel=\"noopener\">https:\/\/www.youtube.com\/watch?v=BW7RJFEQTNE<\/a><\/span><\/td>\n<\/tr>\n<tr>\n<td width=\"481\"><strong>P\u00e1gina Siete: Una vida dedicada a la las plantas medicinales en la Amazon\u00eda\u00a0<\/strong><\/td>\n<\/tr>\n<tr>\n<td width=\"481\"><span style=\"color: #008080;\"><a style=\"color: #008080;\" href=\"http:\/\/www.paginasiete.bo\/gente\/2017\/10\/8\/vida-dedicada-plantas-medicinales-amazonia-154980.html\" target=\"_blank\" rel=\"noopener\">http:\/\/www.paginasiete.bo\/gente\/2017\/10\/8\/vida-dedicada-plantas-medicinales-amazonia-154980.html<\/a><\/span><\/td>\n<\/tr>\n<\/tbody>\n<\/table>\n<p><!--more--><\/p>\n<\/div>\n<\/div>\n","protected":false},"excerpt":{"rendered":"<p>TITULARES Y ENLACES RELACIONADOS AL PROYECTO Chiquitan\u00eda El proyecto Chiquitan\u00eda Resiliente cierra con el agradecimiento y cari\u00f1o de la poblaci\u00f3n de San Jos\u00e9 de Chiquitos. Nota de cierre del proyecto[&#8230;]<\/p>\n","protected":false},"author":1,"featured_media":0,"parent":13,"menu_order":0,"comment_status":"closed","ping_status":"closed","template":"","meta":{"footnotes":""},"_links":{"self":[{"href":"https:\/\/serresiliente.org\/index.php?rest_route=\/wp\/v2\/pages\/49"}],"collection":[{"href":"https:\/\/serresiliente.org\/index.php?rest_route=\/wp\/v2\/pages"}],"about":[{"href":"https:\/\/serresiliente.org\/index.php?rest_route=\/wp\/v2\/types\/page"}],"author":[{"embeddable":true,"href":"https:\/\/serresiliente.org\/index.php?rest_route=\/wp\/v2\/users\/1"}],"replies":[{"embeddable":true,"href":"https:\/\/serresiliente.org\/index.php?rest_route=%2Fwp%2Fv2%2Fcomments&post=49"}],"version-history":[{"count":44,"href":"https:\/\/serresiliente.org\/index.php?rest_route=\/wp\/v2\/pages\/49\/revisions"}],"predecessor-version":[{"id":1149,"href":"https:\/\/serresiliente.org\/index.php?rest_route=\/wp\/v2\/pages\/49\/revisions\/1149"}],"up":[{"embeddable":true,"href":"https:\/\/serresiliente.org\/index.php?rest_route=\/wp\/v2\/pages\/13"}],"wp:attachment":[{"href":"https:\/\/serresiliente.org\/index.php?rest_route=%2Fwp%2Fv2%2Fmedia&parent=49"}],"curies":[{"name":"wp","href":"https:\/\/api.w.org\/{rel}","templated":true}]}}