{"id":5,"date":"2018-06-04T20:42:48","date_gmt":"2018-06-04T20:42:48","guid":{"rendered":"https:\/\/serresiliente.org\/?page_id=5"},"modified":"2021-04-07T02:43:25","modified_gmt":"2021-04-07T02:43:25","slug":"proyecto-resiliencia","status":"publish","type":"page","link":"https:\/\/serresiliente.org\/?page_id=5","title":{"rendered":"El proyecto"},"content":{"rendered":"<p>Bolivia , Colombia y Venezuela vienen trabajando el enfoque de gesti\u00f3n de riesgos y resiliencia, con especial \u00e9nfasis en <span style=\"font-size: 1.0625rem;\">las comunidades rurales y periurbanas. <\/span><\/p>\n<figure id=\"attachment_616\" aria-describedby=\"caption-attachment-616\" style=\"width: 840px\" class=\"wp-caption alignnone\"><img decoding=\"async\" loading=\"lazy\" class=\"wp-image-616 size-large\" src=\"https:\/\/serresiliente.org\/wp-content\/uploads\/2021\/04\/IMG_20181212_130944-1024x768.jpg\" alt=\"\" width=\"840\" height=\"630\" srcset=\"https:\/\/serresiliente.org\/wp-content\/uploads\/2021\/04\/IMG_20181212_130944-1024x768.jpg 1024w, https:\/\/serresiliente.org\/wp-content\/uploads\/2021\/04\/IMG_20181212_130944-300x225.jpg 300w, https:\/\/serresiliente.org\/wp-content\/uploads\/2021\/04\/IMG_20181212_130944-768x576.jpg 768w, https:\/\/serresiliente.org\/wp-content\/uploads\/2021\/04\/IMG_20181212_130944-1536x1152.jpg 1536w, https:\/\/serresiliente.org\/wp-content\/uploads\/2021\/04\/IMG_20181212_130944-2048x1536.jpg 2048w\" sizes=\"(max-width: 840px) 100vw, 840px\" \/><figcaption id=\"caption-attachment-616\" class=\"wp-caption-text\">\u00a0Evacuaci\u00f3n de ganado en el departamento del Beni.<\/figcaption><\/figure>\n<p><strong>Bolivia\u00a0<\/strong><br \/>\n<span style=\"font-size: 1.0625rem;\">Trabaja con el <a href=\"http:\/\/defensacivil.gob.bo\/web\/\" target=\"_blank\" rel=\"noopener\">Viceministerio de Defensa Civil <\/a><\/span>en el fortalecimiento de capacidades de las comunidades y las instituciones para la preparaci\u00f3n y respuesta, para proteger a las poblaciones vulnerables y sus <a href=\"https:\/\/www.youtube.com\/watch?v=NqdDaP16AwM\" target=\"_blank\" rel=\"noopener\">medios de vida<\/a>.<\/p>\n<p>Este trabajo ya tuvo un trabajo arduo en la regi\u00f3n amaz\u00f3nica del Beni y para este periodo la intervenci\u00f3n se la viene realizando en el Altiplano (Norte y Sur) de La Paz y la\u00a0 regi\u00f3n Chiquitana de Santa Cruz, para ello se est\u00e1 coordinando con los gobiernos municipales, autoridades comunales, unidades educativas, centros de salud.<\/p>\n<p>En lo comunitario el trabajo est\u00e1 orientado en el fortalecimiento de sus medios de vida para garantizar su seguridad alimentaria a trav\u00e9s de la implementaci\u00f3n de los Centros de Capacitaci\u00f3n<br \/>\ny Difusi\u00f3n de Estrategias de Resiliencia\u00a0 (Cecader), as\u00ed como en el apoyo para el desarrollo de pol\u00edticas p\u00fablicas o proyectos orientados a la preparaci\u00f3n y respuesta frente a multirriesgo.<\/p>\n<p>Desde lo institucional se fortalece el Sistema de Alerta Temprana incluyendo a las comunidades en el sistema nacional .<\/p>\n<p><strong>Colombia,<\/strong><br \/>\nTrabaja en coordinaci\u00f3n con el Ministerio de Agricultura y Desarrollo Rural y el Sistema Nacional de<br \/>\nLa Gesti\u00f3n del Riesgo de Desastres para la implementaci\u00f3n de la estrategia integral de gesti\u00f3n del riesgo de desastres para el sector agr\u00edcola.<\/p>\n<p>Aplicando un enfoque Cash, destinado a satisfacer las necesidades esenciales, y con apoyo t\u00e9cnico para la reconstrucci\u00f3n de los medios de vida.<\/p>\n<p><strong>Venezuela\u00a0<\/strong><br \/>\nImplementa el enfoque Cash + para cubrir las necesidades alimentarias b\u00e1sicas y proteger medios de vida, mejorando el acceso a los alimentos y la nutrici\u00f3n saludable en el hogar y en las escuelas de las zonas periurbanas comunidades.<\/p>\n","protected":false},"excerpt":{"rendered":"<p>Bolivia , Colombia y Venezuela vienen trabajando el enfoque de gesti\u00f3n de riesgos y resiliencia, con especial \u00e9nfasis en las comunidades rurales y periurbanas. Bolivia\u00a0 Trabaja con el Viceministerio de[&#8230;]<\/p>\n","protected":false},"author":1,"featured_media":0,"parent":0,"menu_order":1,"comment_status":"closed","ping_status":"closed","template":"","meta":{"footnotes":""},"_links":{"self":[{"href":"https:\/\/serresiliente.org\/index.php?rest_route=\/wp\/v2\/pages\/5"}],"collection":[{"href":"https:\/\/serresiliente.org\/index.php?rest_route=\/wp\/v2\/pages"}],"about":[{"href":"https:\/\/serresiliente.org\/index.php?rest_route=\/wp\/v2\/types\/page"}],"author":[{"embeddable":true,"href":"https:\/\/serresiliente.org\/index.php?rest_route=\/wp\/v2\/users\/1"}],"replies":[{"embeddable":true,"href":"https:\/\/serresiliente.org\/index.php?rest_route=%2Fwp%2Fv2%2Fcomments&post=5"}],"version-history":[{"count":5,"href":"https:\/\/serresiliente.org\/index.php?rest_route=\/wp\/v2\/pages\/5\/revisions"}],"predecessor-version":[{"id":617,"href":"https:\/\/serresiliente.org\/index.php?rest_route=\/wp\/v2\/pages\/5\/revisions\/617"}],"wp:attachment":[{"href":"https:\/\/serresiliente.org\/index.php?rest_route=%2Fwp%2Fv2%2Fmedia&parent=5"}],"curies":[{"name":"wp","href":"https:\/\/api.w.org\/{rel}","templated":true}]}}