{"id":9,"date":"2018-06-04T20:43:27","date_gmt":"2018-06-04T20:43:27","guid":{"rendered":"https:\/\/serresiliente.org\/?page_id=9"},"modified":"2018-06-27T16:14:36","modified_gmt":"2018-06-27T16:14:36","slug":"sobre-el-consorcio","status":"publish","type":"page","link":"https:\/\/serresiliente.org\/?page_id=9","title":{"rendered":"El Consorcio"},"content":{"rendered":"<p><img decoding=\"async\" loading=\"lazy\" class=\"alignnone wp-image-182 size-full\" src=\"https:\/\/serresiliente.org\/wp-content\/uploads\/2018\/06\/logotipos2.jpg\" alt=\"\" width=\"1200\" height=\"154\" srcset=\"https:\/\/serresiliente.org\/wp-content\/uploads\/2018\/06\/logotipos2.jpg 1200w, https:\/\/serresiliente.org\/wp-content\/uploads\/2018\/06\/logotipos2-300x39.jpg 300w, https:\/\/serresiliente.org\/wp-content\/uploads\/2018\/06\/logotipos2-768x99.jpg 768w, https:\/\/serresiliente.org\/wp-content\/uploads\/2018\/06\/logotipos2-1024x131.jpg 1024w\" sizes=\"(max-width: 1200px) 100vw, 1200px\" \/><\/p>\n<h5>FAO BOLIVIA:<\/h5>\n<p>Desde el a\u00f1o 2008 ha desarrollado, promovido estrategias y metodolog\u00edas para la Gesti\u00f3n de Riesgos que en el tiempo se han convertido en pol\u00edticas en la tem\u00e1tica. FAO ha contribuido para que los gobiernos (nacional, departamentales y municipales) adopten una visi\u00f3n integral de trabajo, haciendo un fuerte trabajo en el fortalecimiento institucional, as\u00ed como en la r\u00e9plica de buenas pr\u00e1cticas en la gesti\u00f3n integral de riesgos abarcando su apoyo desde lo local hasta los niveles de gobierno subnacional.<\/p>\n<p>Visita su p\u00e1gina web: <span style=\"color: #008080;\">www.fao.org.bo<\/span><\/p>\n<h5>UNICEF Bolivia:<\/h5>\n<p>El trabajo en fortalecimiento de capacidades en el \u00e1rea humanitaria ha sido uno de las fortalezas de la organizaci\u00f3n, ha puesto un especial \u00e9nfasis en acciones de preparaci\u00f3n y respuesta ante las emergencias, su intervenci\u00f3n est\u00e1 focalizada en cuatro departamentos, 12 municipalidades y m\u00e1s de 200 comunidades.<\/p>\n<p>Visita su p\u00e1gina web: <span style=\"color: #008080;\"><a style=\"color: #008080;\" href=\"https:\/\/www.unicef.org\/bolivia\/\" target=\"_blank\" rel=\"noopener\">www.unicef.org\/bolivia\/<\/a><\/span><\/p>\n<h5>Soluciones Pr\u00e1cticas:<\/h5>\n<p>La organizaci\u00f3n comenz\u00f3 sus operaciones en abril del 2010, su objetivo es promover y desarrollar tecnolog\u00edas para el desarrollo para que las personas accedan a su uso y aplicaci\u00f3n y les permita satisfacer sus necesidades b\u00e1sicas permiti\u00e9ndoles alcanzar el derecho para alcanzar sus potencialidades y as\u00ed garantizar el sustento de futuras generaciones. A la fecha implement\u00f3 proyectos en los diferentes pisos ecol\u00f3gicos de Bolivia y en la zona se integra a consorcio para fortalecer la tem\u00e1tica de medios de vida junto a la FAO.<\/p>\n<p>Visita su p\u00e1gina web:\u00a0<span style=\"color: #008080;\"> <a style=\"color: #008080;\" href=\"http:\/\/www.solucionespracticas.org.bo\/\" target=\"_blank\" rel=\"noopener\">www.solucionespracticas.org.bo<\/a>\/<\/span><\/p>\n<h5>Ayuda en Acci\u00f3n:<\/h5>\n<p>Empez\u00f3 a trabajar el a\u00f1o 1990 promoviendo el desarrollo integral de las comunidades de las regiones m\u00e1s pobres de Bolivia. Durante abril del a\u00f1o 2014 la organizaci\u00f3n apoy\u00f3 a cuatro municipios del Beni en coordinaci\u00f3n con Soluciones Pr\u00e1cticas y el Gobierno Departamental de La Paz. Con esta experiencia, replicaron acciones en la cuenca de San Juan del Oro el a\u00f1o 2013 en un consorcio integrado por Welthungerhilfe y FAO Bolivia.<\/p>\n<p>Visita su p\u00e1gina web:\u00a0<span style=\"color: #008080;\"><a style=\"color: #008080;\" href=\"https:\/\/ayudaenaccion.org\/ong\/\" target=\"_blank\" rel=\"noopener\">www.ayudaenaccion.org<\/a><\/span><\/p>\n<h5>Visi\u00f3n Mundial:<\/h5>\n<p>Es un socio de envergadura global, con presencia en 98 pa\u00edses incluyendo Bolivia en Latinoam\u00e9rica, se caracteriza por implementar acciones de incidencia para la promoci\u00f3n de actividades a favor del desarrollo de capacidades en temas de salud, educaci\u00f3n y justicia social, haciendo un fuerte \u00e9nfasis en la protecci\u00f3n de la infancia, la organizaci\u00f3n tambi\u00e9n trabaja para fortalecer las acciones de resiliencia en diferentes comunidades del pa\u00eds.<\/p>\n<p>Visita su p\u00e1gina web:\u00a0<span style=\"color: #008080;\"><a style=\"color: #008080;\" href=\"https:\/\/www.wvi.org\/es\/bolivia\" target=\"_blank\" rel=\"noopener\">www.wvi.org\/es\/bolivia<\/a><\/span><\/p>\n<h5><img decoding=\"async\" loading=\"lazy\" class=\"alignnone wp-image-396 size-full\" src=\"https:\/\/serresiliente.org\/wp-content\/uploads\/2018\/06\/colombia.jpg\" alt=\"\" width=\"886\" height=\"148\" srcset=\"https:\/\/serresiliente.org\/wp-content\/uploads\/2018\/06\/colombia.jpg 886w, https:\/\/serresiliente.org\/wp-content\/uploads\/2018\/06\/colombia-300x50.jpg 300w, https:\/\/serresiliente.org\/wp-content\/uploads\/2018\/06\/colombia-768x128.jpg 768w\" sizes=\"(max-width: 886px) 100vw, 886px\" \/><\/h5>\n<h5>FAO COLOMBIA:<\/h5>\n<p>El 2007 la organizaci\u00f3n trabaj\u00f3 en la recuperaci\u00f3n de las condiciones de seguridad alimentaria, liderando acciones de gesti\u00f3n de riesgo y la protecci\u00f3n de los medios de vida de comunidades en situaciones de alta vulnerabilidad. Los \u00faltimos tres a\u00f1os FAO en Colombia ha implementado proyectos DIPECHO en la provincia de Choc\u00f3 para luego extender su intervenci\u00f3n en tem\u00e1ticas de riego agroclim\u00e1tico haciendo un trabajo de acompa\u00f1amiento sobre todo con peque\u00f1os productores, haciendo que su trabajo en terreno sea permanente hasta la actualidad.<\/p>\n<p>Visita su p\u00e1gina web: <span style=\"color: #008080;\"><a style=\"color: #008080;\" href=\"http:\/\/www.fao.org\/colombia\/es\/\" target=\"_blank\" rel=\"noopener\">www.fao.org\/colombia\/es\/<\/a><\/span><\/p>\n","protected":false},"excerpt":{"rendered":"<p>FAO BOLIVIA: Desde el a\u00f1o 2008 ha desarrollado, promovido estrategias y metodolog\u00edas para la Gesti\u00f3n de Riesgos que en el tiempo se han convertido en pol\u00edticas en la tem\u00e1tica. FAO[&#8230;]<\/p>\n","protected":false},"author":1,"featured_media":0,"parent":0,"menu_order":2,"comment_status":"closed","ping_status":"closed","template":"","meta":{"footnotes":""},"_links":{"self":[{"href":"https:\/\/serresiliente.org\/index.php?rest_route=\/wp\/v2\/pages\/9"}],"collection":[{"href":"https:\/\/serresiliente.org\/index.php?rest_route=\/wp\/v2\/pages"}],"about":[{"href":"https:\/\/serresiliente.org\/index.php?rest_route=\/wp\/v2\/types\/page"}],"author":[{"embeddable":true,"href":"https:\/\/serresiliente.org\/index.php?rest_route=\/wp\/v2\/users\/1"}],"replies":[{"embeddable":true,"href":"https:\/\/serresiliente.org\/index.php?rest_route=%2Fwp%2Fv2%2Fcomments&post=9"}],"version-history":[{"count":8,"href":"https:\/\/serresiliente.org\/index.php?rest_route=\/wp\/v2\/pages\/9\/revisions"}],"predecessor-version":[{"id":397,"href":"https:\/\/serresiliente.org\/index.php?rest_route=\/wp\/v2\/pages\/9\/revisions\/397"}],"wp:attachment":[{"href":"https:\/\/serresiliente.org\/index.php?rest_route=%2Fwp%2Fv2%2Fmedia&parent=9"}],"curies":[{"name":"wp","href":"https:\/\/api.w.org\/{rel}","templated":true}]}}